{"id":100,"date":"2020-04-23T12:40:59","date_gmt":"2020-04-23T10:40:59","guid":{"rendered":"https:\/\/www.barbaralust.at\/?page_id=100"},"modified":"2025-01-30T12:13:26","modified_gmt":"2025-01-30T11:13:26","slug":"preise","status":"publish","type":"page","link":"https:\/\/www.barbaralust.at\/?page_id=100","title":{"rendered":"Preise"},"content":{"rendered":"<p class=\"p1\"><em>Umsatzsteuerbefreit \u2013 Kleinunternehmer gem. \u00a7 6 Abs. 1 Z 27 UStG<\/em><\/p>\n<p><strong>Meine <a href=\"https:\/\/www.barbaralust.at\/?page_id=100\">Preise<\/a> gelten sowohl f\u00fcr <a href=\"https:\/\/www.barbaralust.at\/?page_id=43\">Video-Links<\/a> als auch f\u00fcr <a href=\"https:\/\/www.barbaralust.at\/?page_id=2399\">Pr\u00e4senzstunden<\/a><\/strong>.<\/p>\n<p><em>Ausser dem Online-Abo werden alle Produkte per Minute abgerechnet. Eine Minute pr\u00e4sent entspricht auch einer Minute per Video-Link.<br \/>\n<\/em><\/p>\n<p><a href=\"https:\/\/www.barbaralust.at\/?page_id=336\">Einzelstunden<\/a><\/p>\n<p><a href=\"https:\/\/www.barbaralust.at\/?page_id=103\">Minuten-Bl\u00f6cke<\/a><\/p>\n<p><a href=\"https:\/\/www.barbaralust.at\/?page_id=133\">Kurskarten<\/a><\/p>\n<p><a href=\"https:\/\/www.barbaralust.at\/?page_id=2026\">Online-Abo<\/a><\/p>\n<p>Ich plane seit L\u00e4ngerem eine mehr als \u00fcberf\u00e4llige <strong>Anpassung meiner Preise<\/strong>.<\/p>\n<p>Diese Anpassung wird nun endlich <strong>mit Februar 2024 schlagend<\/strong>. Sie ist moderat, eine Nachbesserung im Sommer ist m\u00f6glich.<\/p>\n<p>Ich erh\u00f6he (erstmals seit vielen Jahren) meine Preise <strong>um durchgehend ungef\u00e4hr 10%<\/strong> wie folgt:<\/p>\n<p>Einzelstunde 90 Minuten: 17,00\u20ac<\/p>\n<p>Einzelstunde 60 Minuten: 12\u20ac<\/p>\n<p>Eine Minute als Einzelstunde f\u00fcr Videos unter 90 Minuten: 0,2\u20ac<\/p>\n<p>Einzeltag in Kurskarte 90 Minuten: 10\u20ac<\/p>\n<p>Einzeltag in Kurskarte 60 Minuten: 7\u20ac<\/p>\n<p>Eine Minute im Minutenblock: 0,17\u20ac<\/p>\n<p>900-Minuten-Block: 153\u20ac<\/p>\n<p>450-Minutenblock: 76,50\u20ac<\/p>\n<p>90 Minuten im Minutenblock: 15,30\u20ac<\/p>\n<p>60 Minuten im Minutenblock: 10,20\u20ac<\/p>\n<p>Eine Woche Online-Abo: 22\u20ac<\/p>\n<p>Ein Quartal im Online-Abo: 264\u20ac (eine Woche gratis)<\/p>\n<p><em>\u00c4nderungen vorbehalten. Umsatzsteuerbefreit \u2013 Kleinunternehmer gem. \u00a7 6 Abs. 1 Z 27 UStG.<\/em><\/p>\n<p><em>\u00a0<\/em><\/p>\n<p><img loading=\"lazy\" decoding=\"async\" class=\"alignnone size-full wp-image-84\" src=\"https:\/\/www.barbaralust.at\/wp-content\/uploads\/2020\/04\/90982749_10158106363034784_5007288042948395008_o.jpg\" alt=\"\" width=\"960\" height=\"960\" srcset=\"https:\/\/www.barbaralust.at\/wp-content\/uploads\/2020\/04\/90982749_10158106363034784_5007288042948395008_o.jpg 960w, https:\/\/www.barbaralust.at\/wp-content\/uploads\/2020\/04\/90982749_10158106363034784_5007288042948395008_o-300x300.jpg 300w, https:\/\/www.barbaralust.at\/wp-content\/uploads\/2020\/04\/90982749_10158106363034784_5007288042948395008_o-150x150.jpg 150w, https:\/\/www.barbaralust.at\/wp-content\/uploads\/2020\/04\/90982749_10158106363034784_5007288042948395008_o-768x768.jpg 768w\" sizes=\"auto, (max-width: 960px) 100vw, 960px\" \/><\/p>\n","protected":false},"excerpt":{"rendered":"<p>Umsatzsteuerbefreit \u2013 Kleinunternehmer gem. \u00a7 6 Abs. 1 Z 27 UStG Meine Preise gelten sowohl f\u00fcr Video-Links als auch f\u00fcr Pr\u00e4senzstunden. Ausser dem Online-Abo werden alle Produkte per Minute abgerechnet. [&hellip;]<\/p>\n","protected":false},"author":1,"featured_media":0,"parent":0,"menu_order":0,"comment_status":"closed","ping_status":"closed","template":"","meta":{"footnotes":""},"class_list":["post-100","page","type-page","status-publish","hentry"],"_links":{"self":[{"href":"https:\/\/www.barbaralust.at\/index.php?rest_route=\/wp\/v2\/pages\/100","targetHints":{"allow":["GET"]}}],"collection":[{"href":"https:\/\/www.barbaralust.at\/index.php?rest_route=\/wp\/v2\/pages"}],"about":[{"href":"https:\/\/www.barbaralust.at\/index.php?rest_route=\/wp\/v2\/types\/page"}],"author":[{"embeddable":true,"href":"https:\/\/www.barbaralust.at\/index.php?rest_route=\/wp\/v2\/users\/1"}],"replies":[{"embeddable":true,"href":"https:\/\/www.barbaralust.at\/index.php?rest_route=%2Fwp%2Fv2%2Fcomments&post=100"}],"version-history":[{"count":25,"href":"https:\/\/www.barbaralust.at\/index.php?rest_route=\/wp\/v2\/pages\/100\/revisions"}],"predecessor-version":[{"id":30630,"href":"https:\/\/www.barbaralust.at\/index.php?rest_route=\/wp\/v2\/pages\/100\/revisions\/30630"}],"wp:attachment":[{"href":"https:\/\/www.barbaralust.at\/index.php?rest_route=%2Fwp%2Fv2%2Fmedia&parent=100"}],"curies":[{"name":"wp","href":"https:\/\/api.w.org\/{rel}","templated":true}]}}