{"id":2026,"date":"2020-10-26T11:03:29","date_gmt":"2020-10-26T10:03:29","guid":{"rendered":"https:\/\/www.barbaralust.at\/?page_id=2026"},"modified":"2024-01-31T13:34:43","modified_gmt":"2024-01-31T12:34:43","slug":"all-inclusive-online-angebot-homepage","status":"publish","type":"page","link":"https:\/\/www.barbaralust.at\/?page_id=2026","title":{"rendered":"Online-Abo"},"content":{"rendered":"<p>Mit dem <strong>Online-Abo<\/strong> hat man freien Zugang zu allen meinen derzeit verf\u00fcgbaren Video-Einheiten, <strong>direkt \u00fcber diese Homepage<\/strong>.<\/p>\n<p>Man kann das Abo nur f\u00fcr eine Woche, oder gleich f\u00fcr mehrere Wochen buchen. Am Ende des Abos melde ich mich mit der Frage nach einer Verl\u00e4ngerung. <strong>Es gibt keine Bindung.<\/strong><\/p>\n<p><strong>Eine Woche Online-Abo (Montag bis Sonntag) kostet 22\u20ac.<\/strong><\/p>\n<p><strong>Ein Quartal Online-Abo kostet 264\u20ac (eine Woche gratis).<\/strong><\/p>\n<p>Die Registrierung und Anmeldung erfolgt \u00fcber diesen Link (ich muss euch dann noch best\u00e4tigen):<\/p>\n<p><a href=\"https:\/\/www.barbaralust.at\/?page_id=1448\">Online-Abo<\/a><\/p>\n<p>Hier findet ihr immer die <a href=\"https:\/\/www.barbaralust.at\/?page_id=1115\">Liste aller verf\u00fcgbaren Videos<\/a>.<\/p>\n<p><strong>Infos und Anmeldung (wie viele Wochen, Fragen, &#8230;):<\/strong> barbara.lust@icloud.com<\/p>\n<p><img loading=\"lazy\" decoding=\"async\" class=\"alignnone wp-image-3974 size-medium\" src=\"https:\/\/www.barbaralust.at\/wp-content\/uploads\/2021\/04\/177294330_4104682866219505_4479692881860336661_n-300x300.jpg\" alt=\"\" width=\"300\" height=\"300\" srcset=\"https:\/\/www.barbaralust.at\/wp-content\/uploads\/2021\/04\/177294330_4104682866219505_4479692881860336661_n-300x300.jpg 300w, https:\/\/www.barbaralust.at\/wp-content\/uploads\/2021\/04\/177294330_4104682866219505_4479692881860336661_n-150x150.jpg 150w, https:\/\/www.barbaralust.at\/wp-content\/uploads\/2021\/04\/177294330_4104682866219505_4479692881860336661_n.jpg 640w\" sizes=\"auto, (max-width: 300px) 100vw, 300px\" \/><\/p>\n","protected":false},"excerpt":{"rendered":"<p>Mit dem Online-Abo hat man freien Zugang zu allen meinen derzeit verf\u00fcgbaren Video-Einheiten, direkt \u00fcber diese Homepage. Man kann das Abo nur f\u00fcr eine Woche, oder gleich f\u00fcr mehrere Wochen [&hellip;]<\/p>\n","protected":false},"author":1,"featured_media":0,"parent":0,"menu_order":0,"comment_status":"closed","ping_status":"closed","template":"","meta":{"footnotes":""},"class_list":["post-2026","page","type-page","status-publish","hentry"],"_links":{"self":[{"href":"https:\/\/www.barbaralust.at\/index.php?rest_route=\/wp\/v2\/pages\/2026","targetHints":{"allow":["GET"]}}],"collection":[{"href":"https:\/\/www.barbaralust.at\/index.php?rest_route=\/wp\/v2\/pages"}],"about":[{"href":"https:\/\/www.barbaralust.at\/index.php?rest_route=\/wp\/v2\/types\/page"}],"author":[{"embeddable":true,"href":"https:\/\/www.barbaralust.at\/index.php?rest_route=\/wp\/v2\/users\/1"}],"replies":[{"embeddable":true,"href":"https:\/\/www.barbaralust.at\/index.php?rest_route=%2Fwp%2Fv2%2Fcomments&post=2026"}],"version-history":[{"count":14,"href":"https:\/\/www.barbaralust.at\/index.php?rest_route=\/wp\/v2\/pages\/2026\/revisions"}],"predecessor-version":[{"id":29081,"href":"https:\/\/www.barbaralust.at\/index.php?rest_route=\/wp\/v2\/pages\/2026\/revisions\/29081"}],"wp:attachment":[{"href":"https:\/\/www.barbaralust.at\/index.php?rest_route=%2Fwp%2Fv2%2Fmedia&parent=2026"}],"curies":[{"name":"wp","href":"https:\/\/api.w.org\/{rel}","templated":true}]}}