{"id":2343,"date":"2020-11-09T20:15:22","date_gmt":"2020-11-09T19:15:22","guid":{"rendered":"https:\/\/www.barbaralust.at\/?page_id=2343"},"modified":"2025-02-14T21:02:39","modified_gmt":"2025-02-14T20:02:39","slug":"uebersicht-ueber-die-video-inhalte","status":"publish","type":"page","link":"https:\/\/www.barbaralust.at\/?page_id=2343","title":{"rendered":"Liste und Kurzbeschreibung der Video-Serien"},"content":{"rendered":"<p>Meine Videos sind <strong>1:1 Mit-Mach-Trainings<\/strong>, &#8222;Aerobic-Style&#8220; &#8211; man folgt mir 1:1, wir trainieren im Takt zu Musik, wie bei Aerobic, Bodywork, oder Bauch-Beine-Po.<\/p>\n<p>Ich filme sehr viele unterschiedliche Inhalte, zus\u00e4tzlich zu Standard-Formaten. In der <a href=\"https:\/\/www.barbaralust.at\/?page_id=1115\">Liste aller verf\u00fcgbaren Videos<\/a> k\u00f6nnt ihr selbst nach verschiedenen Kriterien suchen und sortieren.<\/p>\n<p>F\u00fcr die meisten meiner \u00dcbungs-Videos braucht man Zusatzger\u00e4te. Eine \u00dcbersicht findet ihr <a href=\"https:\/\/www.barbaralust.at\/?page_id=635\">hier<\/a>. Es gibt aber auch viele Videos ohne Ger\u00e4te oder nur mit Hanteln. In der <a href=\"https:\/\/www.barbaralust.at\/?page_id=1115\">Liste aller verf\u00fcgbaren Videos<\/a> k\u00f6nnt ihr auch nach Zusatzger\u00e4ten sortieren.<\/p>\n<p>Das klassische <strong>&#8222;Equipment&#8220;<\/strong> sind Hanteln, Fussmanschetten, ein Theraband, ein Elastiband, und ein Ringband.<\/p>\n<p><strong>Hier eine Kurzbeschreibung aller Video-Serien, alphabetisch geordnet, mit Links zur jeweils genaueren Beschreibung und den einzelnen Folgen:<br \/>\n<\/strong><\/p>\n<p><strong><a href=\"https:\/\/www.barbaralust.at\/?page_id=27478\">Aerobic &amp; Floorwork, 60 Minuten<\/a>:<\/strong> Mit einer leichten bis mittelschweren Choreo als Cardio-Training und anschliessend gleich dem Bodenteil. Keine stehenden \u00dcbungen. Eine 60-Minuten-Version des klassischen Workouts.<\/p>\n<p><strong><a href=\"https:\/\/www.barbaralust.at\/?page_id=3091\">Aerobic &amp; Workout 90 Minuten<\/a>:<\/strong> Eine Version des klassischen Workouts mit einer leichteren bis mittelschweren Choreo als Cardio-Training.<\/p>\n<p><strong><a href=\"https:\/\/www.barbaralust.at\/?page_id=2846\">Arme, Schultern, R\u00fccken, Brust (ASRB)<\/a>:<\/strong> Praktisch Oberk\u00f6rper ohne Bauch, mit unterschiedlichen Ger\u00e4ten.<\/p>\n<p><strong><a href=\"https:\/\/www.barbaralust.at\/?page_id=2850\">Barre<\/a>:<\/strong> Stehende Einheit an einer Sessel- oder Sofa-Lehne vor allem f\u00fcr H\u00fcftmuskeln und Core.<\/p>\n<p><strong><a href=\"https:\/\/www.barbaralust.at\/?page_id=2854\">Basic Cardio<\/a>:<\/strong> Herzkreislauftraining mit niedrigerer Intensit\u00e4t, einfache Aerobic-Schritte.<\/p>\n<p><strong><a href=\"https:\/\/www.barbaralust.at\/?page_id=2858\">Basic Step<\/a>:<\/strong> Herzkreislauftraining mit niedrigerer Intensit\u00e4t auf dem Step, einfache Schritte.<\/p>\n<p><strong><a href=\"https:\/\/www.barbaralust.at\/?page_id=2863\">Basic Workout<\/a>:<\/strong> Cardio &amp; Kraft mit niedrigerer Intensit\u00e4t, mit Equipment.<\/p>\n<p><strong><a href=\"https:\/\/www.barbaralust.at\/?page_id=2873\">Bauch-Beine-Po mit Equipment<\/a>:<\/strong> Kraft im Stehen und am Boden mit Zusatzger\u00e4ten (Fussmanschetten, &#8230;). Ohne eigenen Cardio-Teil.<\/p>\n<p><strong><a href=\"https:\/\/www.barbaralust.at\/?page_id=2888\">Bauch-Beine-Po ohne Equipment<\/a>:<\/strong> Kraft im Stehen und am Boden ohne Zusatzger\u00e4te (Fussmanschetten, &#8230;). Ohne eigenen Cardio-Teil.<\/p>\n<p><strong><a href=\"https:\/\/www.barbaralust.at\/?page_id=2867\">Bauchtraining<\/a>:<\/strong> reines Bauchtraining als Einzeleinheit oder zum Kombinieren geeignet.<\/p>\n<p><strong><a href=\"https:\/\/www.barbaralust.at\/?page_id=29710\">Beckenbodentraining<\/a>: <\/strong>\u00dcbungen f\u00fcr den Beckenboden in verschiedenen Positionen<\/p>\n<p><strong><a href=\"https:\/\/www.barbaralust.at\/?page_id=2911\">Beine-Hintern-H\u00fcfte (= BHH)<\/a>:<\/strong> Kraft f\u00fcr den Unterk\u00f6rper im Stehen und am Boden mit verschiedenen Zusatzger\u00e4ten. Ohne eigenen Cardio-Teil.<\/p>\n<p><strong><a href=\"https:\/\/www.barbaralust.at\/?page_id=2914\">Bodybar &#8211; Gewichtsstange<\/a>:<\/strong> Einheiten f\u00fcr Krafttraining mit einer Bodybar oder einer leichteren Langhantel ohne Scheiben.<\/p>\n<p><strong><a href=\"https:\/\/www.barbaralust.at\/?page_id=3583\">Bodystyling<\/a>:<\/strong> Weniger Gewicht, mehr Wiederholungen, mehr \u00dcbungskombinationen.<\/p>\n<p><strong><a href=\"https:\/\/www.barbaralust.at\/?page_id=3799\">Bodywork Light<\/a>: <\/strong>Die etwas lockerere Bodywork-Einheit, mit Equipment. Ohne Cardio-Teil.<\/p>\n<p><strong><a href=\"https:\/\/www.barbaralust.at\/?page_id=2923\">Bodywork mit Equipment<\/a>:<\/strong> \u00dcbungen im Stehen und am Boden mit Zusatzger\u00e4ten (Fussmanschetten, &#8230;). Ohne Cardio-Teil.<\/p>\n<p><strong><a href=\"https:\/\/www.barbaralust.at\/?page_id=2917\">Bodywork mit Hanteln<\/a>:<\/strong> Kraft im Stehen und am Boden mit Hanteln. Ohne Cardio-Teil.<\/p>\n<p><strong><a href=\"https:\/\/www.barbaralust.at\/?page_id=4258\">Bodywork mit Sessel und Equipment<\/a>:<\/strong> Kraft im Stehen, im Sitzen und am Boden, mit einem Sessel und Equipment. Ohne Cardio-Teil.<\/p>\n<p><strong><a href=\"https:\/\/www.barbaralust.at\/?page_id=2920\">Bodywork mit Step<\/a>:<\/strong> Kraft im Stehen und am Boden mit Step und Zusatzger\u00e4ten. Ohne Cardio-Teil.<\/p>\n<p><strong><a href=\"https:\/\/www.barbaralust.at\/?page_id=2926\">Bodywork ohne Ger\u00e4te<\/a>:<\/strong> \u00dcbungen im Stehen und am Boden ohne Zusatzger\u00e4te (Fussmanschetten, &#8230;). Ohne Cardio-Teil.<\/p>\n<p><strong><a href=\"https:\/\/www.barbaralust.at\/?page_id=2929\">Bootcamp<\/a>:<\/strong> Cardio &amp; Kraft, k\u00fcrzer aber intensiver, in Intervall-Form. Mit unterschiedlichen Zusatzger\u00e4ten.<\/p>\n<p><strong><a href=\"https:\/\/www.barbaralust.at\/?page_id=2932\">Cardio HiLo<\/a>:<\/strong> Herzkreislauf-Training mit Laufen und Springen. Aerobic-Schritte, Choreos\/Freestyle von leicht bis schwer.<\/p>\n<p><strong><a href=\"https:\/\/www.barbaralust.at\/?page_id=7092\">Cardio Intervals<\/a>:<\/strong> Herzkreislauf-Training mit Laufen und Springen im Intervall-Format mit und ohne Step.<\/p>\n<p><strong><a href=\"https:\/\/www.barbaralust.at\/?page_id=2935\">Cardio Low Impact<\/a>:<\/strong> Herzkreislauf-Training ohne Laufen und Springen. Aerobic-Schritte, Choreos\/Freestyle von leicht bis schwer. Normal hohe Intensit\u00e4t.<\/p>\n<p><strong><a href=\"https:\/\/www.barbaralust.at\/?page_id=4460\">Cardio Mix<\/a>:<\/strong> Herzkreislauf-Training ohne Laufen und Springen. Aerobic-Schritte, Choreos\/Freestyle von leicht bis schwer. Mittlere Intensit\u00e4t (keine &#8222;tiefen&#8220; Schritte, etwas langsameres Tempo).<\/p>\n<p><strong><a href=\"https:\/\/www.barbaralust.at\/?page_id=2938\">Cardio Step<\/a>:<\/strong> Herzkreislauf-Training am Step, intensiv aber mit einfachen Schritten.<\/p>\n<p><strong><a href=\"https:\/\/www.barbaralust.at\/?page_id=5546\">Cardio Step &amp; Core<\/a>:<\/strong> Herzkreislauf-Training am Step (intensiv aber mit einfachen Schritten) mit anschliessenden Bauch- und R\u00fccken\u00fcbungen am Boden mit dem Step.<\/p>\n<p><strong><a href=\"https:\/\/www.barbaralust.at\/?page_id=2941\">Core-Training<\/a>:<\/strong> Boden\u00fcbungen f\u00fcr Bauch und R\u00fccken, aber auch f\u00fcr die gesamte K\u00f6rpervorder- und R\u00fcckseite.<\/p>\n<p><strong><a href=\"https:\/\/www.barbaralust.at\/?page_id=3311\">Easy Step &amp; Tone, 60 Minuten<\/a>:<\/strong> Ein mittelschweres Workout mit Step und Equipment.<\/p>\n<p><strong><a href=\"https:\/\/www.barbaralust.at\/?page_id=30712\">Easy Step &amp; Tone, 90 Minuten<\/a>:<\/strong> Ein mittelschweres Workout mit Step und Equipment.<\/p>\n<p><strong><a href=\"https:\/\/www.barbaralust.at\/?page_id=3693\">Fitball<\/a>:<\/strong> Trainings mit einem Fitball = Pezziball = Sitzball.<\/p>\n<p><strong><a href=\"https:\/\/www.barbaralust.at\/?page_id=2944\">Floorwork<\/a>:<\/strong> Bodywork ausschliesslich auf der Matte.<\/p>\n<p><strong><a href=\"https:\/\/www.barbaralust.at\/?page_id=30596\">Hand- und Fussgelenkstraining<\/a>:<\/strong> Trainings f\u00fcr die Handgelenke, Finger- und Handtrainings und Fusstrainings<\/p>\n<p><strong><a href=\"https:\/\/www.barbaralust.at\/?page_id=2947\">Heavy Weight Training<\/a>:<\/strong> Krafttraining mit mehr Gewicht und daf\u00fcr weniger Wiederholungen. Mit Schraubhanteln (Langhantel, Kurzhanteln, Zusatzscheiben).<\/p>\n<p><strong><a href=\"https:\/\/www.barbaralust.at\/?page_id=2950\">LIWH = Low Impact Workout mit Hanteln<\/a>:<\/strong> Eine leichtere Version des klassischen Workouts, ohne Laufen und Springen und nur mit einem Paar Hanteln.<\/p>\n<p><strong><a href=\"https:\/\/www.barbaralust.at\/?page_id=29602\">Low Impact Workouts mit Hanteln, 60 Minuten<\/a>:<\/strong> Cardio und Kraft, Cardio ohne Laufen und Springen (aber mit \u201etiefen Schritten\u201c f\u00fcr ausreichend Intensit\u00e4t), nur mit einem Paar Hanteln. Eine Version des klassischen Workouts.<\/p>\n<p><strong><a href=\"https:\/\/www.barbaralust.at\/?page_id=29445\">Low Impact Workouts mit Hanteln, 90 Minuten<\/a>:<\/strong> Cardio und Kraft, Cardio ohne Laufen und Springen (aber mit \u201etiefen Schritten\u201c f\u00fcr ausreichend Intensit\u00e4t), nur mit einem Paar Hanteln. Eine Version des klassischen Workouts.<\/p>\n<p><strong><a href=\"https:\/\/www.barbaralust.at\/?page_id=28934\">Low Impact Workouts ohne Ger\u00e4te, 60 Minuten<\/a>:<\/strong> Cardio und Kraft, Cardio ohne Laufen und Springen (aber mit &#8222;tiefen Schritten&#8220; f\u00fcr ausreichend Intensit\u00e4t), ganz ohne Zusatzger\u00e4te. Eine 60-Minuten-Version des klassischen Workouts.<\/p>\n<p><strong><a href=\"https:\/\/www.barbaralust.at\/?page_id=5586\">Low Impact Workouts ohne Ger\u00e4te, 90 Minuten<\/a>:<\/strong> Cardio und Kraft, Cardio ohne Laufen und Springen (aber mit &#8222;tiefen Schritten&#8220; f\u00fcr ausreichend Intensit\u00e4t), ganz ohne Zusatzger\u00e4te. Eine Version des klassischen Workouts.<\/p>\n<p><strong><a href=\"https:\/\/www.barbaralust.at\/?page_id=2953\">Low Impact Workout 60 Minuten<\/a>:<\/strong> Cardio und Kraft, Cardio ohne Laufen und Springen (aber mit &#8222;tiefen Schritten&#8220; f\u00fcr ausreichend Intensit\u00e4t). Eine 60-Minuten-Version des klassischen Workouts.<strong><br \/>\n<\/strong><\/p>\n<p><strong><a href=\"https:\/\/www.barbaralust.at\/?page_id=2956\">Low Impact Workout 90 Minuten<\/a>:<\/strong> Cardio und Kraft, Cardio ohne Laufen und Springen (aber mit &#8222;tiefen Schritten&#8220; f\u00fcr ausreichend Intensit\u00e4t). Eine Version des klassischen Workouts.<\/p>\n<p><strong><a href=\"https:\/\/www.barbaralust.at\/?page_id=4661\">Mix &amp; Match<\/a>:<\/strong> Videos zum selber kombinieren.<\/p>\n<p><strong><a href=\"https:\/\/www.barbaralust.at\/?page_id=3094\">Oberk\u00f6rper mit B\u00e4ndern und Tubes<\/a>:<\/strong> Kraft f\u00fcr Arme, Schultern, R\u00fccken, Brust, und eventuell auch Bauch, mit Theraband, Elastiband, oder Step-Tube.<strong><br \/>\n<\/strong><\/p>\n<p><strong><a href=\"https:\/\/www.barbaralust.at\/?page_id=5014\">Powerwork<\/a>:<\/strong> Mehr Gewicht, weniger Wiederholungen. Ohne Cardio.<\/p>\n<p><strong><a href=\"https:\/\/www.barbaralust.at\/?page_id=3097\">Quick Fix<\/a>:<\/strong> Kurz-Programme f\u00fcr bestimmte Muskelgruppen mit oder ohne Cardio.<strong><br \/>\n<\/strong><\/p>\n<p><strong><a href=\"https:\/\/www.barbaralust.at\/?page_id=30756\">Reifen<\/a>:<\/strong> Trainings mit einem Reifen als Bodenmarkierung und Trainingsger\u00e4t (kein Hoola-Hoop).<\/p>\n<p><strong><a href=\"https:\/\/www.barbaralust.at\/?page_id=3100\">R\u00fcckentraining<\/a>:<\/strong> reines R\u00fcckentraining, also R\u00fcckenstrecker, oberer R\u00fccken, und Latissimus, mit unterschiedlichen Ger\u00e4ten oder auch ohne.<strong><br \/>\n<\/strong><\/p>\n<p><strong><a href=\"https:\/\/www.barbaralust.at\/?page_id=6539\">Sommer-Workouts, 90 Minuten<\/a>: <\/strong>Das klassische Workout in einer Hitze-angepassten Version. Auch mit \u00dcbungen mit Sessel. Eine Version des klassischen Workouts.<\/p>\n<p><strong><a href=\"https:\/\/www.barbaralust.at\/?page_id=3228\">Split-Training<\/a>:<\/strong> Training f\u00fcr den Spagat, mittleres bis fortgeschrittenes Level.<strong><br \/>\n<\/strong><\/p>\n<p><strong><a href=\"https:\/\/www.barbaralust.at\/?page_id=3213\">Step &amp; Tone, 90 Minuten<\/a>:<\/strong> Cardio &amp; Kraft, stehend in Intervallen, mit Step und Zusatzger\u00e4ten. Eine Version des klassischen Workouts mit Step.<\/p>\n<p><strong><a href=\"https:\/\/www.barbaralust.at\/?page_id=27710\">Step Aerobic &amp; Floorwork, 60 Minuten<\/a>:<\/strong> Mit einer mittelschweren Choreo als Cardio-Training und anschliessend gleich dem Bodenteil. Keine stehenden \u00dcbungen. Eine 60-Minuten-Version des klassischen Workouts mit Step.<\/p>\n<p><strong><a href=\"https:\/\/www.barbaralust.at\/?page_id=2892\">Step Aerobic &amp; Workout, 90 Minuten<\/a>: <\/strong>Cardio &amp; Kraft, mit Step und Zusatzger\u00e4ten. Der Cardio-Teil ist Step Aerobic mit mittelschweren Choreos. Eine Version des klassischen Workouts mit Step.<strong><br \/>\n<\/strong><\/p>\n<p><strong><a href=\"https:\/\/www.barbaralust.at\/?page_id=6196\">Step Aerobic Beginner<\/a>:<\/strong> Der Einstieg in die Step Aerobic.<\/p>\n<p><strong><a href=\"https:\/\/www.barbaralust.at\/?page_id=3739\">Step Aerobic Intermediate<\/a>:<\/strong> reines Cardio-Training am Step mit mittelschweren Choroes zu normal schnellem Tempo.<\/p>\n<p><strong><a href=\"https:\/\/www.barbaralust.at\/?page_id=3564\">Step Tempo<\/a>:<\/strong> reines Cardio-Training am Step, bei dem die Intensit\u00e4t vor allem \u00fcber das Musiktempo bestimmt wird.<\/p>\n<p><strong><a href=\"https:\/\/www.barbaralust.at\/?page_id=3400\">Stretch &amp; Tone, 60 Minuten<\/a>:<\/strong> Ganzk\u00f6rperstretch (Gesundheitsdehnen) und \u00dcbungen f\u00fcr die Haltemuskulatur.<\/p>\n<p><strong><a href=\"https:\/\/www.barbaralust.at\/?page_id=3231\">Stretching<\/a>:<\/strong> reine Dehn-Trainings.<strong><br \/>\n<\/strong><\/p>\n<p><strong><a href=\"https:\/\/www.barbaralust.at\/?page_id=3234\">Sweat &amp; Tone, 90 Minuten<\/a>:<\/strong> Cardio &amp; Kraft, stehend in Intervallen, mit Zusatzger\u00e4ten, intensiver. Eine Version des klassischen Workouts.<\/p>\n<p><strong> <a href=\"https:\/\/www.barbaralust.at\/?page_id=3237\">Videos f\u00fcr Schwangere\/mit Baby<\/a>:<\/strong> f\u00fcr Schwangere und f\u00fcr Frauen nach der Geburt geeignete Trainings, z.B. ohne Bauchlage und nur mit seitlichem Bauchmuskeltraining.<strong><br \/>\n<\/strong><\/p>\n<p><strong><a href=\"https:\/\/www.barbaralust.at\/?page_id=3328\">Workout Mix, 60 Minuten<\/a>:<\/strong> Eine leichtere Version des klassischen Workouts, ohne Laufen und Springen.<\/p>\n<p><strong><a href=\"https:\/\/www.barbaralust.at\/?page_id=5138\">Workout Mix, 90 Minuten<\/a><\/strong><strong>:<\/strong> Eine leichtere Version des klassischen Workouts, ohne Laufen und Springen.<\/p>\n<p><strong><a href=\"https:\/\/www.barbaralust.at\/?page_id=3240\">Workouts mit Sessel und Equipment, 60\/90 Minuten<\/a>:<\/strong> Cardio &amp; Kraft\/Kraft, mit Sessel und Zusatzger\u00e4ten. Eine Version des klassischen Workouts.<\/p>\n<p><strong><a href=\"https:\/\/www.barbaralust.at\/?page_id=3243\">Workouts mit Hanteln, 60 Minuten<\/a>:<\/strong> Cardio &amp; Kraft, mit einem Paar Hanteln. Eine Version des klassischen Workouts in der 60-Minuten-Version.<\/p>\n<p><strong><a href=\"https:\/\/www.barbaralust.at\/?page_id=3285\">Workouts mit Hanteln, 90 Minuten<\/a>:<\/strong> Cardio &amp; Kraft, mit einem Paar Hanteln. Eine Version des klassischen Workouts.<\/p>\n<p><strong><a href=\"https:\/\/www.barbaralust.at\/?page_id=3249\">Workouts mit Step, 60 Minuten<\/a>:<\/strong> Cardio &amp; Kraft, mit Step und Zusatzger\u00e4ten. Die 60-Minuten-Version des klassischen Workouts mit Step.<\/p>\n<p><strong><a href=\"https:\/\/www.barbaralust.at\/?page_id=3246\">Workouts mit Step, 90 Minuten<\/a>:<\/strong> Cardio &amp; Kraft, mit Step und Zusatzger\u00e4ten. Das klassische 90-Minuten-Workout, aber mit Step.<\/p>\n<p><strong><a href=\"https:\/\/www.barbaralust.at\/?page_id=3252\">Workouts ohne Ger\u00e4te, 60 Minuten<\/a>:<\/strong> Cardio &amp; Kraft, ganz ohne Ger\u00e4te. Eine 60-Minuten-Version des klassischen Workouts.<\/p>\n<p><strong><a href=\"https:\/\/www.barbaralust.at\/?page_id=5522\">Workouts ohne Ger\u00e4te, 90 Minuten<\/a>:<\/strong> Cardio &amp; Kraft, ganz ohne Ger\u00e4te. Eine Version des klassischen Workouts.<\/p>\n<p><strong><a href=\"https:\/\/www.barbaralust.at\/?page_id=3255\">Workouts, 60 Minuten<\/a>:<\/strong> Cardio &amp; Kraft, mit Zusatzger\u00e4ten. Das klassische Workout in der 60-Minuten-Version.<\/p>\n<p><strong><a href=\"https:\/\/www.barbaralust.at\/?page_id=2877\">Workouts, 90 Minuten<\/a>:<\/strong> Cardio &amp; Kraft, mit Zusatzger\u00e4ten. Das (wirklich!) klassische Workout.<\/p>\n<p><img loading=\"lazy\" decoding=\"async\" class=\"alignnone size-medium wp-image-2285\" src=\"https:\/\/www.barbaralust.at\/wp-content\/uploads\/2020\/11\/123353933_3626275900726873_7821799970374594947_n-300x300.jpg\" alt=\"\" width=\"300\" height=\"300\" srcset=\"https:\/\/www.barbaralust.at\/wp-content\/uploads\/2020\/11\/123353933_3626275900726873_7821799970374594947_n-300x300.jpg 300w, https:\/\/www.barbaralust.at\/wp-content\/uploads\/2020\/11\/123353933_3626275900726873_7821799970374594947_n-150x150.jpg 150w, https:\/\/www.barbaralust.at\/wp-content\/uploads\/2020\/11\/123353933_3626275900726873_7821799970374594947_n.jpg 640w\" sizes=\"auto, (max-width: 300px) 100vw, 300px\" \/><\/p>\n","protected":false},"excerpt":{"rendered":"<p>Meine Videos sind 1:1 Mit-Mach-Trainings, &#8222;Aerobic-Style&#8220; &#8211; man folgt mir 1:1, wir trainieren im Takt zu Musik, wie bei Aerobic, Bodywork, oder Bauch-Beine-Po. Ich filme sehr viele unterschiedliche Inhalte, zus\u00e4tzlich [&hellip;]<\/p>\n","protected":false},"author":1,"featured_media":0,"parent":0,"menu_order":0,"comment_status":"closed","ping_status":"closed","template":"","meta":{"footnotes":""},"class_list":["post-2343","page","type-page","status-publish","hentry"],"_links":{"self":[{"href":"https:\/\/www.barbaralust.at\/index.php?rest_route=\/wp\/v2\/pages\/2343","targetHints":{"allow":["GET"]}}],"collection":[{"href":"https:\/\/www.barbaralust.at\/index.php?rest_route=\/wp\/v2\/pages"}],"about":[{"href":"https:\/\/www.barbaralust.at\/index.php?rest_route=\/wp\/v2\/types\/page"}],"author":[{"embeddable":true,"href":"https:\/\/www.barbaralust.at\/index.php?rest_route=\/wp\/v2\/users\/1"}],"replies":[{"embeddable":true,"href":"https:\/\/www.barbaralust.at\/index.php?rest_route=%2Fwp%2Fv2%2Fcomments&post=2343"}],"version-history":[{"count":85,"href":"https:\/\/www.barbaralust.at\/index.php?rest_route=\/wp\/v2\/pages\/2343\/revisions"}],"predecessor-version":[{"id":30759,"href":"https:\/\/www.barbaralust.at\/index.php?rest_route=\/wp\/v2\/pages\/2343\/revisions\/30759"}],"wp:attachment":[{"href":"https:\/\/www.barbaralust.at\/index.php?rest_route=%2Fwp%2Fv2%2Fmedia&parent=2343"}],"curies":[{"name":"wp","href":"https:\/\/api.w.org\/{rel}","templated":true}]}}