{"id":27291,"date":"2023-02-23T21:59:49","date_gmt":"2023-02-23T20:59:49","guid":{"rendered":"https:\/\/www.barbaralust.at\/?page_id=27291"},"modified":"2026-03-05T10:39:51","modified_gmt":"2026-03-05T09:39:51","slug":"sport-bhs-2","status":"publish","type":"page","link":"https:\/\/www.barbaralust.at\/?page_id=27291","title":{"rendered":"Sport-BHs"},"content":{"rendered":"<div class=\"post-inner thin \">\n<div class=\"entry-content\">\n<p>F\u00fcr meine klassischen Workouts ist ein <strong>guter Sport-BH f\u00fcr hohe Belastung bzw. starken Halt<\/strong> wichtig.<\/p>\n<p><strong>Hier einige Links zu guten Modellen, von TeilnehmerInnen empfohlen, oder von mir gefunden.<\/strong><\/p>\n<p><em><strong>Wichtig:<\/strong> zum Testen mit dem BH auf der Stelle springen, ev. im Spiegel kontrollieren, wir gut er h\u00e4lt!<\/em><\/p>\n<p><strong><a href=\"https:\/\/www.anita.com\/de\/bhs\/sport-bhs.html\">Anita<\/a><\/strong> &#8211; viele Modelle f\u00fcr wirklich alle Kombinationen von Brustumfang und K\u00f6rbchengr\u00f6sse<em> &#8211; die Anita-BHs kann man sich zum Anprobieren in den\u00a0<a href=\"https:\/\/www.bstaendig.at\/de\/filialen\/\">Bst\u00e4ndig auf der Freyung beim Schottentor<\/a> bestellen.<\/em><\/p>\n<p><a href=\"https:\/\/www.eduscho.at\/search?query=sport-bh&amp;context=cafissimo&amp;pos=0\"><strong>Eduscho<\/strong><\/a> \u2013 sehr g\u00fcnstige aber gute Modelle auch f\u00fcr starken und extrastarken Halt in Standardgr\u00f6\u00dfen.<\/p>\n<p><strong><a href=\"https:\/\/www2.hm.com\/de_at\/damen\/einkaufen-nach-produkt\/sportmode\/sport-bhs.html\">H&amp;M<\/a><\/strong> \u2013 auch immer Modelle mit\u00a0<a href=\"https:\/\/www2.hm.com\/de_at\/damen\/sport\/sport-bhs\/starker-halt.html\">High Support<\/a>.<\/p>\n<p><a href=\"https:\/\/www.nike.com\/at\/w\/damen-starker-halt-sport-bhs-40qgmz4wlitz5e1x6\"><strong>NIKE<\/strong><\/a> \u2013 auch immer Modelle mit <a href=\"https:\/\/www.nike.com\/at\/w\/damen-starker-halt-sport-bhs-40qgmz4wlitz5e1x6\">starkem Halt<\/a> mit unterschiedlichen Brustumfang- und K\u00f6rbchengr\u00f6\u00dfen-Kombinationen.<\/p>\n<p><strong><a href=\"https:\/\/shock-absorber-onlineshop.de\/\">Shock Absorber<\/a><\/strong> &#8211; viele Modelle in vielen Gr\u00f6\u00dfen auch abseits der Standardgr\u00f6ssen.<\/p>\n<p><strong><a href=\"https:\/\/www.swegmark.com\/de\">Swegmark<\/a><\/strong>\u00a0\u2013 viele Modelle auch in gro\u00dfe Gr\u00f6ssen.<\/p>\n<p><strong><a href=\"https:\/\/at.triumph.com\/bhs\/sport\">Triumph<\/a><\/strong> \u2013 super sch\u00f6ne Farben in vielen Gr\u00f6\u00dfen<em> &#8211; direktes Anprobieren mit fachfrauischer Beratung\u00a0<a href=\"https:\/\/storelocator.triumph.com\/de_at\/results?q=Wien%2C+%C3%96sterreich&amp;p=48.2081664%2C16.3718643&amp;s=geocoder&amp;b=48.1179031%2C16.1818304%2C48.3226665%2C16.5775141&amp;f%5Btriumph%5D=1\">direkt in den Gesch\u00e4ften<\/a> m\u00f6glich.<\/em><\/p>\n<p><img loading=\"lazy\" decoding=\"async\" class=\"alignnone wp-image-29470 size-large\" src=\"https:\/\/www.barbaralust.at\/wp-content\/uploads\/2024\/03\/429658539_18108722086371473_9214208804977079594_n-1024x1024.jpg\" alt=\"\" width=\"580\" height=\"580\" srcset=\"https:\/\/www.barbaralust.at\/wp-content\/uploads\/2024\/03\/429658539_18108722086371473_9214208804977079594_n-1024x1024.jpg 1024w, https:\/\/www.barbaralust.at\/wp-content\/uploads\/2024\/03\/429658539_18108722086371473_9214208804977079594_n-300x300.jpg 300w, https:\/\/www.barbaralust.at\/wp-content\/uploads\/2024\/03\/429658539_18108722086371473_9214208804977079594_n-150x150.jpg 150w, https:\/\/www.barbaralust.at\/wp-content\/uploads\/2024\/03\/429658539_18108722086371473_9214208804977079594_n-768x768.jpg 768w, https:\/\/www.barbaralust.at\/wp-content\/uploads\/2024\/03\/429658539_18108722086371473_9214208804977079594_n-1536x1536.jpg 1536w, https:\/\/www.barbaralust.at\/wp-content\/uploads\/2024\/03\/429658539_18108722086371473_9214208804977079594_n-1200x1200.jpg 1200w, https:\/\/www.barbaralust.at\/wp-content\/uploads\/2024\/03\/429658539_18108722086371473_9214208804977079594_n-1980x1980.jpg 1980w, https:\/\/www.barbaralust.at\/wp-content\/uploads\/2024\/03\/429658539_18108722086371473_9214208804977079594_n.jpg 2048w\" sizes=\"auto, (max-width: 580px) 100vw, 580px\" \/><\/p>\n<p>&nbsp;<\/p>\n<\/div>\n<\/div>\n","protected":false},"excerpt":{"rendered":"<p>F\u00fcr meine klassischen Workouts ist ein guter Sport-BH f\u00fcr hohe Belastung bzw. starken Halt wichtig. Hier einige Links zu guten Modellen, von TeilnehmerInnen empfohlen, oder von mir gefunden. Wichtig: zum [&hellip;]<\/p>\n","protected":false},"author":1,"featured_media":0,"parent":0,"menu_order":0,"comment_status":"closed","ping_status":"closed","template":"","meta":{"footnotes":""},"class_list":["post-27291","page","type-page","status-publish","hentry"],"_links":{"self":[{"href":"https:\/\/www.barbaralust.at\/index.php?rest_route=\/wp\/v2\/pages\/27291","targetHints":{"allow":["GET"]}}],"collection":[{"href":"https:\/\/www.barbaralust.at\/index.php?rest_route=\/wp\/v2\/pages"}],"about":[{"href":"https:\/\/www.barbaralust.at\/index.php?rest_route=\/wp\/v2\/types\/page"}],"author":[{"embeddable":true,"href":"https:\/\/www.barbaralust.at\/index.php?rest_route=\/wp\/v2\/users\/1"}],"replies":[{"embeddable":true,"href":"https:\/\/www.barbaralust.at\/index.php?rest_route=%2Fwp%2Fv2%2Fcomments&post=27291"}],"version-history":[{"count":13,"href":"https:\/\/www.barbaralust.at\/index.php?rest_route=\/wp\/v2\/pages\/27291\/revisions"}],"predecessor-version":[{"id":31850,"href":"https:\/\/www.barbaralust.at\/index.php?rest_route=\/wp\/v2\/pages\/27291\/revisions\/31850"}],"wp:attachment":[{"href":"https:\/\/www.barbaralust.at\/index.php?rest_route=%2Fwp%2Fv2%2Fmedia&parent=27291"}],"curies":[{"name":"wp","href":"https:\/\/api.w.org\/{rel}","templated":true}]}}