{"id":27641,"date":"2023-05-12T10:29:17","date_gmt":"2023-05-12T08:29:17","guid":{"rendered":"https:\/\/www.barbaralust.at\/?page_id=27641"},"modified":"2026-04-20T12:18:11","modified_gmt":"2026-04-20T10:18:11","slug":"kurs-2411-usi-sommerkurs-im-juli-mittwoch-1800-1930-rennweg","status":"publish","type":"page","link":"https:\/\/www.barbaralust.at\/?page_id=27641","title":{"rendered":"Kurs 8018 USI-Sommerkurs im Juli Mittwoch WORKOUT MIT STEP 18:00-19:30 @ Rennweg"},"content":{"rendered":"<p>Auch dieses Jahr bietet das <strong><a href=\"https:\/\/www.usi.at\/\">USI Wien<\/a><\/strong> Sommerkurse an, diesmal unterrichte ich jeden <strong>Mittwoch im Juli<\/strong> in der <strong>Sportst\u00e4tte Rennweg, Oberzellergasse 3, 1030 Wien<span class=\"LrzXr\">, <\/span>jeweils von 18:00 bis 19:30 Workout mit Step.<\/strong><\/p>\n<p>Das sind <strong>5 Termine<\/strong>: 01.\/08.\/15.\/22.\/29. Juli 2026<\/p>\n<p><strong>Ort:<\/strong> USI Sportst\u00e4tte Rennweg<\/p>\n<p><strong>Adresse:<\/strong> Oberzellergasse 03, 1030 Wien<\/p>\n<p><strong>Anreise: <\/strong>Die Sportst\u00e4tte ist sehr gut \u00f6ffentlich erreichbar:<strong><br \/>\n<\/strong><\/p>\n<p>So ist man zum Beispiel in nur 16 Minuten mit der <strong>Strassenbahn 71 <\/strong>vom <strong>Karlsplatz<\/strong> aus vor dem Eingang der Sportst\u00e4tte (Station Oberzellergasse) \u2013 und von nur 11 Minuten vom <strong>Schwarzenbergplatz<\/strong> aus.<\/p>\n<p>Nur 7 Geh-Minuten sind es von der <strong>U3-Station Kardinal-Nagl-Platz<\/strong>, und die <strong>Schnellbahn-Station Rennweg<\/strong> ist nur 12 Geh-Minuten entfernt \u2013 mit dem 71er f\u00e4hrt man diese Strecke in 5 Minuten (2. Station).<\/p>\n<p><strong>Achrtung, die Sportst\u00e4tte befindet sich in der Mitte einer Wohnhausanlage &#8211; es ist ein rotes Backstein-Geb\u00e4ude.<\/strong><\/p>\n<p>Hier die genaue Lage der Sportst\u00e4tte:<\/p>\n<p><a href=\"https:\/\/www.google.com\/maps\/place\/USI+Sportst%C3%A4tte+Rennweg\/@48.1922458,16.3930175,17z\/data=!4m15!1m8!3m7!1s0x476d076739744f4d:0xab66a3a7aae7f1a3!2sOberzellergasse+3,+1030+Wien!3b1!8m2!3d48.1922423!4d16.3955924!16s%2Fg%2F11c5bz1mls!3m5!1s0x476d076759f19b05:0x36d120160fccef0c!8m2!3d48.1919758!4d16.3972884!16s%2Fg%2F11c5230d0p?entry=ttu\"><strong>USI-Sportst\u00e4tte Rennweg auf Google Maps<\/strong><\/a><\/p>\n<p><strong>Workout mit Step<\/strong> am <strong><a href=\"https:\/\/www.usi.at\/\">USI Wien<\/a><\/strong> entspricht meinen <strong>klassischen Workouts mit Step<\/strong>, wir machen Cardio, \u00dcbungen im Stehen, Floorwork und Stretch &#8211; mit dem Step. <em><strong>In Workout mit Step unterrichte ich keine schweren Choreos. Es ist praktisch wie Bodywork am USI, wenn wir den Step erwenden.<\/strong><\/em><\/p>\n<p><em>Am Rennweg k\u00f6nnen wir bei Sch\u00f6nwetter im Freien am Hartplatz trainieren. Bei Regen oder zu kaltem Wetter (aber manchmal auch w\u00e4hrend extremer Hitzewellen) sind wir Indoor.<br \/>\n<\/em><\/p>\n<p><em>Die\u00a0<strong><a href=\"https:\/\/musi.usi.at\/\">Kursanmeldung<\/a><\/strong> ist <strong>ab sofort<\/strong> m\u00f6glich!!!<\/em><\/p>\n<p><iframe loading=\"lazy\" title=\"Choreo Step Aerobic (basic) in WORKOUT MIT STEP @ USI Wien Rennweg, 19.07.2023\" width=\"580\" height=\"326\" src=\"https:\/\/www.youtube.com\/embed\/QJ4hdSsupmM?feature=oembed\" frameborder=\"0\" allow=\"accelerometer; autoplay; clipboard-write; encrypted-media; gyroscope; picture-in-picture; web-share\" referrerpolicy=\"strict-origin-when-cross-origin\" allowfullscreen><\/iframe><\/p>\n<p><iframe loading=\"lazy\" title=\"Hams am Step in \u201eWorkout mit Step\u201c @ USI Rennweg, 12.07.2023\" width=\"580\" height=\"326\" src=\"https:\/\/www.youtube.com\/embed\/UKaWoDnMk5I?feature=oembed\" frameborder=\"0\" allow=\"accelerometer; autoplay; clipboard-write; encrypted-media; gyroscope; picture-in-picture; web-share\" referrerpolicy=\"strict-origin-when-cross-origin\" allowfullscreen><\/iframe><\/p>\n<p><img loading=\"lazy\" decoding=\"async\" class=\"alignnone wp-image-31971 size-full\" src=\"https:\/\/www.barbaralust.at\/wp-content\/uploads\/2026\/04\/WhatsApp-Image-2026-04-20-at-12.16.56.jpeg\" alt=\"\" width=\"1600\" height=\"1600\" srcset=\"https:\/\/www.barbaralust.at\/wp-content\/uploads\/2026\/04\/WhatsApp-Image-2026-04-20-at-12.16.56.jpeg 1600w, https:\/\/www.barbaralust.at\/wp-content\/uploads\/2026\/04\/WhatsApp-Image-2026-04-20-at-12.16.56-300x300.jpeg 300w, https:\/\/www.barbaralust.at\/wp-content\/uploads\/2026\/04\/WhatsApp-Image-2026-04-20-at-12.16.56-1024x1024.jpeg 1024w, https:\/\/www.barbaralust.at\/wp-content\/uploads\/2026\/04\/WhatsApp-Image-2026-04-20-at-12.16.56-150x150.jpeg 150w, https:\/\/www.barbaralust.at\/wp-content\/uploads\/2026\/04\/WhatsApp-Image-2026-04-20-at-12.16.56-768x768.jpeg 768w, https:\/\/www.barbaralust.at\/wp-content\/uploads\/2026\/04\/WhatsApp-Image-2026-04-20-at-12.16.56-1536x1536.jpeg 1536w, https:\/\/www.barbaralust.at\/wp-content\/uploads\/2026\/04\/WhatsApp-Image-2026-04-20-at-12.16.56-1200x1200.jpeg 1200w\" sizes=\"auto, (max-width: 1600px) 100vw, 1600px\" \/><\/p>\n<p>&nbsp;<\/p>\n","protected":false},"excerpt":{"rendered":"<p>Auch dieses Jahr bietet das USI Wien Sommerkurse an, diesmal unterrichte ich jeden Mittwoch im Juli in der Sportst\u00e4tte Rennweg, Oberzellergasse 3, 1030 Wien, jeweils von 18:00 bis 19:30 Workout [&hellip;]<\/p>\n","protected":false},"author":1,"featured_media":0,"parent":0,"menu_order":0,"comment_status":"closed","ping_status":"closed","template":"","meta":{"footnotes":""},"class_list":["post-27641","page","type-page","status-publish","hentry"],"_links":{"self":[{"href":"https:\/\/www.barbaralust.at\/index.php?rest_route=\/wp\/v2\/pages\/27641","targetHints":{"allow":["GET"]}}],"collection":[{"href":"https:\/\/www.barbaralust.at\/index.php?rest_route=\/wp\/v2\/pages"}],"about":[{"href":"https:\/\/www.barbaralust.at\/index.php?rest_route=\/wp\/v2\/types\/page"}],"author":[{"embeddable":true,"href":"https:\/\/www.barbaralust.at\/index.php?rest_route=\/wp\/v2\/users\/1"}],"replies":[{"embeddable":true,"href":"https:\/\/www.barbaralust.at\/index.php?rest_route=%2Fwp%2Fv2%2Fcomments&post=27641"}],"version-history":[{"count":16,"href":"https:\/\/www.barbaralust.at\/index.php?rest_route=\/wp\/v2\/pages\/27641\/revisions"}],"predecessor-version":[{"id":31972,"href":"https:\/\/www.barbaralust.at\/index.php?rest_route=\/wp\/v2\/pages\/27641\/revisions\/31972"}],"wp:attachment":[{"href":"https:\/\/www.barbaralust.at\/index.php?rest_route=%2Fwp%2Fv2%2Fmedia&parent=27641"}],"curies":[{"name":"wp","href":"https:\/\/api.w.org\/{rel}","templated":true}]}}