{"id":27969,"date":"2023-07-23T12:45:59","date_gmt":"2023-07-23T10:45:59","guid":{"rendered":"https:\/\/www.barbaralust.at\/?page_id=27969"},"modified":"2026-01-24T08:28:50","modified_gmt":"2026-01-24T07:28:50","slug":"dienstag-2000-2130-aerobic-steinbruchstrasse","status":"publish","type":"page","link":"https:\/\/www.barbaralust.at\/?page_id=27969","title":{"rendered":"USI-Kurs 2477 Dienstag 20:00-21:30 Aerobic @ Steinbruchstra\u00dfe"},"content":{"rendered":"<p><strong>Kursstart M\u00e4rz 2026<\/strong> (Sommersemester 2026)<\/p>\n<p><strong><a href=\"https:\/\/musi.usi.at\/\">Anmeldung<\/a><\/strong><\/p>\n<p><strong>Stundeninhalt: <\/strong>Warm Up Aerobic-Style, Cardio Aerobic-Style (leichte Choreos, Intervalle, Freestyle, Step, Taeboxing), \u00dcbungen im Stehen, Floorwork, Stretch<\/p>\n<p><strong>\u201eAerobic\u201c am USI Wien entspricht im Groben meinen \u201eWorkouts\u201c &#8211; genauer gesasgt der Version &#8222;Aerobic &amp; Workout&#8220; und &#8222;Sweat &amp; Tone&#8220;<\/strong> \u2013 wir trainieren Cardio mit (einfachen aber intensiven) HiLo Choreos (mit Laufen und Springen), aber auch mit Intervallen (&#8222;Sweat &amp; Tone&#8220;), mit den Steps, und auch mal mit Taeboxing. Anschliessend folgen \u00dcbungen f\u00fcr den ganzen K\u00f6rper im Stehen und am Boden, danach Stretching.<\/p>\n<p><strong>Adresse:<\/strong> <span class=\"LrzXr\">Steinbruchstra\u00dfe 33, 1140 Wien<\/span><\/p>\n<p><strong>Erreichbarkeit:<\/strong> In nur 8 Geh-Minuten ist man von der U3-Station Kendlerstrasse bei der Sportst\u00e4tte, der Bus 51A ist nur 5 Geh-Minuten entfernt, der Bus 48A ist mit der Station Klinik Ottakring nur 6 Geh-Minuten von der Sportst\u00e4tte entfernt, und die Strassenbahnlinien 10 und 60 nur 8 Geh-Minuten.<\/p>\n<p><iframe loading=\"lazy\" title=\"Choreo HiLo mit einem Seitenwechsel @ &quot;Aerobic&quot; @ AHS Wien West @ USI Wien, 20.05.2025\" width=\"580\" height=\"326\" src=\"https:\/\/www.youtube.com\/embed\/7ef_uMRFwPA?feature=oembed\" frameborder=\"0\" allow=\"accelerometer; autoplay; clipboard-write; encrypted-media; gyroscope; picture-in-picture; web-share\" referrerpolicy=\"strict-origin-when-cross-origin\" allowfullscreen><\/iframe><\/p>\n<p><img loading=\"lazy\" decoding=\"async\" class=\"alignnone wp-image-28583 size-full\" src=\"https:\/\/www.barbaralust.at\/wp-content\/uploads\/2023\/10\/IMG_3582.jpg\" alt=\"\" width=\"640\" height=\"640\" srcset=\"https:\/\/www.barbaralust.at\/wp-content\/uploads\/2023\/10\/IMG_3582.jpg 640w, https:\/\/www.barbaralust.at\/wp-content\/uploads\/2023\/10\/IMG_3582-300x300.jpg 300w, https:\/\/www.barbaralust.at\/wp-content\/uploads\/2023\/10\/IMG_3582-150x150.jpg 150w\" sizes=\"auto, (max-width: 640px) 100vw, 640px\" \/><\/p>\n","protected":false},"excerpt":{"rendered":"<p>Kursstart M\u00e4rz 2026 (Sommersemester 2026) Anmeldung Stundeninhalt: Warm Up Aerobic-Style, Cardio Aerobic-Style (leichte Choreos, Intervalle, Freestyle, Step, Taeboxing), \u00dcbungen im Stehen, Floorwork, Stretch \u201eAerobic\u201c am USI Wien entspricht im Groben [&hellip;]<\/p>\n","protected":false},"author":1,"featured_media":0,"parent":0,"menu_order":0,"comment_status":"closed","ping_status":"closed","template":"","meta":{"footnotes":""},"class_list":["post-27969","page","type-page","status-publish","hentry"],"_links":{"self":[{"href":"https:\/\/www.barbaralust.at\/index.php?rest_route=\/wp\/v2\/pages\/27969","targetHints":{"allow":["GET"]}}],"collection":[{"href":"https:\/\/www.barbaralust.at\/index.php?rest_route=\/wp\/v2\/pages"}],"about":[{"href":"https:\/\/www.barbaralust.at\/index.php?rest_route=\/wp\/v2\/types\/page"}],"author":[{"embeddable":true,"href":"https:\/\/www.barbaralust.at\/index.php?rest_route=\/wp\/v2\/users\/1"}],"replies":[{"embeddable":true,"href":"https:\/\/www.barbaralust.at\/index.php?rest_route=%2Fwp%2Fv2%2Fcomments&post=27969"}],"version-history":[{"count":31,"href":"https:\/\/www.barbaralust.at\/index.php?rest_route=\/wp\/v2\/pages\/27969\/revisions"}],"predecessor-version":[{"id":31632,"href":"https:\/\/www.barbaralust.at\/index.php?rest_route=\/wp\/v2\/pages\/27969\/revisions\/31632"}],"wp:attachment":[{"href":"https:\/\/www.barbaralust.at\/index.php?rest_route=%2Fwp%2Fv2%2Fmedia&parent=27969"}],"curies":[{"name":"wp","href":"https:\/\/api.w.org\/{rel}","templated":true}]}}