{"id":28309,"date":"2023-09-13T15:53:37","date_gmt":"2023-09-13T13:53:37","guid":{"rendered":"https:\/\/www.barbaralust.at\/?page_id=28309"},"modified":"2026-05-09T07:24:25","modified_gmt":"2026-05-09T05:24:25","slug":"workout-sportcenter-praterstern-montag-1800-1900-ab-oktober","status":"publish","type":"page","link":"https:\/\/www.barbaralust.at\/?page_id=28309","title":{"rendered":"Workout @ Sportcenter Praterstern \u2013 Montag 18:00-19:30"},"content":{"rendered":"<p style=\"text-align: left;\">Im <strong><a href=\"https:\/\/www.barbaralust.at\/?page_id=28455\">Sportcenter Praterstern<\/a><\/strong> in der Prater Hauptallee 2a, 1020 Wien unterrichte ich <strong>ganzj\u00e4hrig<\/strong> ein <strong>90-Minuten-Workout<\/strong> (Cardio &amp; \u00dcbungen) jeweils <strong>Montag von 18:00 bis 19:30<\/strong>.<\/p>\n<p style=\"text-align: left;\"><strong>Hier geht es zur Anmeldung zur den kommenden Einheit <em>(Anmeldung f\u00fcr Kurskarten siehe unten)<\/em>:<\/strong><\/p>\n<p><strong><a href=\"https:\/\/www.barbaralust.at\/?tribe_events=workout-sportcenter-praterstern-11-05-2026-montag-1800-1930\">Workout @ Sportcenter Praterstern 11.05.2026 (Montag) 18:00-19:30<\/a><\/strong><\/p>\n<p><strong>Adresse:<\/strong> Prater Hauptallee 2a, 1020 Wien.<br \/>\nEingang am Beginn der Hauptallee, direkt nach Schnellbahnunterf\u00fchrung Helenengasse.<\/p>\n<p><strong>Erreichbarkeit:<\/strong> Man geht vom <strong>Praterstern<\/strong> aus einfach in Richtung Strassenbahnen raus, dort nach links, \u00fcber die Strasse, und dann wieder links unter dem Schnellbahnbogen durch, dort gleich rechts ist der Eingang zur Sportst\u00e4tte. <strong>Saal und Garderoben sind im oberen Stock<\/strong>, unten befindet sich ein kleines Cafe und Kegelbahnen.<\/p>\n<p>Ich habe einen gro\u00dfen Gymnastiksaal f\u00fcr jeweils <strong>Montag von 18:00 bis 19:30<\/strong> gebucht.<\/p>\n<p><strong>Matten<\/strong> und <strong>getrennte Garderoben mit Duschen<\/strong> sind vorhanden, wir haben<strong> im Saal eine gro\u00dfe T\u00fcr zum L\u00fcften<\/strong>.<\/p>\n<p>Wir trainieren mit <strong>Hanteln<\/strong>, <strong>Fussmanschetten<\/strong>, <strong>Elastib\u00e4ndern<\/strong>, <strong>Ringb\u00e4ndern<\/strong>, <strong>Pilatesringen, Pilatesb\u00e4llen<\/strong> und optional mit den <strong>Steps<\/strong>.<\/p>\n<p>Es gibt <a href=\"https:\/\/www.barbaralust.at\/?page_id=133\">Kurskarten<\/a>, es gelten meine <a href=\"https:\/\/www.barbaralust.at\/?page_id=336\">Einzelstunden<\/a> und <a href=\"https:\/\/www.barbaralust.at\/?page_id=103\">Minuten-Bl\u00f6cke<\/a>.<\/p>\n<p><em>In dieser Einheit gibt es mit \u00d6BB-Dienstausweis jeweils 10% Rabatt.<\/em><\/p>\n<p><strong>Dieses Workout findet auch in den Ferien statt.<\/strong><\/p>\n<p><strong><em>An Feiertagen gibt es meistens ein Feiertagsworkout.<\/em><\/strong><\/p>\n<p>Die einzelnen <strong>Termine<\/strong> sind wie folgt:<\/p>\n<p><strong><a href=\"https:\/\/www.barbaralust.at\/?tribe_events=feiertagsworkout-sportcenter-praterstern-06-04-2026-montag-1800-1930\">Feiertagsworkout @ Sportcenter Praterstern 06.04.2026 (Montag) 18:00-19:30<\/a><\/strong> (nicht in der Kurskarte f\u00fcr April enthalten)<\/p>\n<p><strong>Kurskarte <a href=\"https:\/\/www.barbaralust.at\/?page_id=28309\">Workout @ Praterstern<\/a> 18:00-19:30 Mai 2026: <\/strong>04.\/11.\/18.05.2026 (<strong>Kurskarte<\/strong> 3x 10\u20ac = <strong>30\u20ac<\/strong>)<\/p>\n<p><strong>Anmeldung f\u00fcr die Kurskarten: <\/strong><a href=\"mailto:barbara.lust@icloud.com\"><strong>barbara.lust@icloud.com<\/strong><\/a><\/p>\n<p><em>Anmeldung zu einzelnen Terminen \u00fcber den jeweiligen Link oben auf dieser Seite.<\/em><\/p>\n<p><iframe loading=\"lazy\" title=\"Choreo HiLo um die geviertelte Matte, Workout @ Praterstern, 11.03.2024\" width=\"580\" height=\"326\" src=\"https:\/\/www.youtube.com\/embed\/Cc56i8l4ONs?feature=oembed\" frameborder=\"0\" allow=\"accelerometer; autoplay; clipboard-write; encrypted-media; gyroscope; picture-in-picture; web-share\" referrerpolicy=\"strict-origin-when-cross-origin\" allowfullscreen><\/iframe><\/p>\n<p><iframe loading=\"lazy\" title=\"Squats mit H\u00fcftmuskeln, Workout @ Praterstern, 11.03.2024\" width=\"580\" height=\"326\" src=\"https:\/\/www.youtube.com\/embed\/I3r8-6vAwmc?feature=oembed\" frameborder=\"0\" allow=\"accelerometer; autoplay; clipboard-write; encrypted-media; gyroscope; picture-in-picture; web-share\" referrerpolicy=\"strict-origin-when-cross-origin\" allowfullscreen><\/iframe><\/p>\n<p><iframe loading=\"lazy\" title=\"Workout @ Sportcenter Praterstern, Floorwork &amp; Stretch, 09.10.2023\" width=\"580\" height=\"326\" src=\"https:\/\/www.youtube.com\/embed\/21Z1RTSKtgI?feature=oembed\" frameborder=\"0\" allow=\"accelerometer; autoplay; clipboard-write; encrypted-media; gyroscope; picture-in-picture; web-share\" referrerpolicy=\"strict-origin-when-cross-origin\" allowfullscreen><\/iframe><\/p>\n","protected":false},"excerpt":{"rendered":"<p>Im Sportcenter Praterstern in der Prater Hauptallee 2a, 1020 Wien unterrichte ich ganzj\u00e4hrig ein 90-Minuten-Workout (Cardio &amp; \u00dcbungen) jeweils Montag von 18:00 bis 19:30. Hier geht es zur Anmeldung zur [&hellip;]<\/p>\n","protected":false},"author":1,"featured_media":0,"parent":0,"menu_order":0,"comment_status":"closed","ping_status":"closed","template":"","meta":{"footnotes":""},"class_list":["post-28309","page","type-page","status-publish","hentry"],"_links":{"self":[{"href":"https:\/\/www.barbaralust.at\/index.php?rest_route=\/wp\/v2\/pages\/28309","targetHints":{"allow":["GET"]}}],"collection":[{"href":"https:\/\/www.barbaralust.at\/index.php?rest_route=\/wp\/v2\/pages"}],"about":[{"href":"https:\/\/www.barbaralust.at\/index.php?rest_route=\/wp\/v2\/types\/page"}],"author":[{"embeddable":true,"href":"https:\/\/www.barbaralust.at\/index.php?rest_route=\/wp\/v2\/users\/1"}],"replies":[{"embeddable":true,"href":"https:\/\/www.barbaralust.at\/index.php?rest_route=%2Fwp%2Fv2%2Fcomments&post=28309"}],"version-history":[{"count":189,"href":"https:\/\/www.barbaralust.at\/index.php?rest_route=\/wp\/v2\/pages\/28309\/revisions"}],"predecessor-version":[{"id":31992,"href":"https:\/\/www.barbaralust.at\/index.php?rest_route=\/wp\/v2\/pages\/28309\/revisions\/31992"}],"wp:attachment":[{"href":"https:\/\/www.barbaralust.at\/index.php?rest_route=%2Fwp%2Fv2%2Fmedia&parent=28309"}],"curies":[{"name":"wp","href":"https:\/\/api.w.org\/{rel}","templated":true}]}}