{"id":2911,"date":"2020-12-30T18:36:21","date_gmt":"2020-12-30T17:36:21","guid":{"rendered":"https:\/\/www.barbaralust.at\/?page_id=2911"},"modified":"2024-09-14T14:48:52","modified_gmt":"2024-09-14T12:48:52","slug":"beine-hintern-huefte-bhh","status":"publish","type":"page","link":"https:\/\/www.barbaralust.at\/?page_id=2911","title":{"rendered":"Beine-Hintern-H\u00fcfte (= BHH)"},"content":{"rendered":"<p>Mit dieser Serie trainiert man <strong>Beine, Hintern und H\u00fcfte ohne Cardiotraining<\/strong>, also mit <strong>\u00dcbungen f\u00fcr Kraft <\/strong>(Muskelaufbau\/Muskeltraining).<\/p>\n<p><em>Im Endeffekt ist diese Serie die Erg\u00e4nzung zu <a href=\"https:\/\/www.barbaralust.at\/?page_id=2846\">ASRB<\/a>.<\/em><\/p>\n<p><em>Wenn man nicht alle Muskelgruppen auf einmal trainiert, hat man mehr Kraft und Energie f\u00fcr eine bestimmte Muskelgruppe.<\/em><\/p>\n<p><em>Das ist Sinn und Zweck der Serien, die nur eine Muskelgruppe im Fokus haben.<\/em><\/p>\n<p><em>Auch mit <a href=\"https:\/\/www.barbaralust.at\/?page_id=2867\">Bauchtraining<\/a>\u00a0und\/oder <a href=\"https:\/\/www.barbaralust.at\/?page_id=3100\">R\u00fcckentraining<\/a> k\u00f6nnte man diese Serie gut kombinieren, hintereinander, aber durchaus eben auch nicht am selben Tag.<\/em><\/p>\n<p>Derzeit verf\u00fcgbare Folgen:<\/p>\n<p><strong>BHH Folge 01, 45 Minuten, mit Fussmanschetten<\/strong><\/p>\n<p><strong>BHH Folge 02, 35 Minuten, mit Elastiband<\/strong><\/p>\n<p><strong>BHH Folge 03, 20 Minuten, mit Pilatesball im Stehen<\/strong> (Folge 06 ist mit dem Pilatesball am Boden)<strong><br \/>\n<\/strong><\/p>\n<p><strong>BHH Folge 04, 40 Minuten, mit Step und Fussmanschetten<\/strong><\/p>\n<p><strong>BHH Folge 05, 40 Minuten, mit H\u00fcftband = Booty Band = Hip Band = Glute Band <\/strong><em>(als Hip Band = Booty Band = Glute Band = H\u00fcftband verwende ich das <a href=\"https:\/\/lebertfitness.com\/products\/lebert-hip-resistance-band\">Hip Resistance Band von Lebert<\/a>, das es aber nur in einer St\u00e4rke gibt. Das <a href=\"https:\/\/www.gorillasports.de\/hip-band-3-staerken\">Hip Band von Gorilla Sports<\/a> hat die selben Abmssungen und ist in 3 St\u00e4rken erh\u00e4ltlich. Derzeit aktuell (April 2022) gibt es auch ein <a href=\"https:\/\/www2.hm.com\/de_at\/productpage.1002284001.html\">Hip Band im H&amp;M Online-Store<\/a><\/em>.<\/p>\n<p><strong>BHH Folge 06, 30 Minuten, mit Pilatesball am Boden<\/strong> (Folge 03 ist mit dem Pilatesball im Stehen)<strong><br \/>\n<\/strong><\/p>\n<p><strong>BHH Folge 07, 40 Minuten, mit Fussmanschetten am Boden<\/strong> (Folge 01 ist mit Fussmanschetten im Stehen und am Boden). <em>Anders als <strong><a href=\"https:\/\/www.barbaralust.at\/?page_id=2944\">Floorwork<\/a>\u00a0Beine mit Manschetten, 20 Minuten (ohne Stretching)<\/strong> beinhaltet <strong>BHH Folge 07, 40 Minuten, mit Fussmanschetten am Boden<\/strong> ein kurzes Warm Up und einem 10-min\u00fctigen Stretching-Teil, ist also ein in sich komplettes Training.<br \/>\n<\/em><\/p>\n<p><strong>BHH Folge 08, 30 Minuten, mit Sessel und Fussmanschetten<\/strong><\/p>\n<p>Ausserdem erh\u00e4ltlich:<\/p>\n<p><strong>Beine mit Ringband und Pilatesring, 15 Minuten (nur am Boden)<\/strong><\/p>\n<p><strong>Beine mit Waschlappen auf Parkett, 30 Minuten<\/strong><\/p>\n<p><strong>Beintraining mit Step und Fussmanschetten, 65 Minuten<\/strong><\/p>\n<p><strong>Beintraining im Stehen mit <a href=\"https:\/\/www.barbaralust.at\/?page_id=2914\">Bodybar<\/a>, 20 Minuten<\/strong><\/p>\n<p><strong><a href=\"https:\/\/www.barbaralust.at\/?page_id=2944\">Floorwork<\/a>\u00a0Beine mit Manschetten, 20 Minuten (ohne Stretching)<\/strong><\/p>\n<p>Immer sehr viel Beine, Hintern und H\u00fcfte trainiert man selbstverst\u00e4ndlich auch in allen Folgen der <strong><a href=\"https:\/\/www.barbaralust.at\/?page_id=2850\">Barre<\/a>-Serie<\/strong>.<img loading=\"lazy\" decoding=\"async\" class=\"alignnone wp-image-30258 size-full\" src=\"https:\/\/www.barbaralust.at\/wp-content\/uploads\/2024\/09\/459528630_18128599510371473_7099403725113941787_n.jpg\" alt=\"\" width=\"750\" height=\"750\" srcset=\"https:\/\/www.barbaralust.at\/wp-content\/uploads\/2024\/09\/459528630_18128599510371473_7099403725113941787_n.jpg 750w, https:\/\/www.barbaralust.at\/wp-content\/uploads\/2024\/09\/459528630_18128599510371473_7099403725113941787_n-300x300.jpg 300w, https:\/\/www.barbaralust.at\/wp-content\/uploads\/2024\/09\/459528630_18128599510371473_7099403725113941787_n-150x150.jpg 150w\" sizes=\"auto, (max-width: 750px) 100vw, 750px\" \/><\/p>\n<p>&nbsp;<\/p>\n","protected":false},"excerpt":{"rendered":"<p>Mit dieser Serie trainiert man Beine, Hintern und H\u00fcfte ohne Cardiotraining, also mit \u00dcbungen f\u00fcr Kraft (Muskelaufbau\/Muskeltraining). Im Endeffekt ist diese Serie die Erg\u00e4nzung zu ASRB. Wenn man nicht alle [&hellip;]<\/p>\n","protected":false},"author":1,"featured_media":0,"parent":0,"menu_order":0,"comment_status":"closed","ping_status":"closed","template":"","meta":{"footnotes":""},"class_list":["post-2911","page","type-page","status-publish","hentry"],"_links":{"self":[{"href":"https:\/\/www.barbaralust.at\/index.php?rest_route=\/wp\/v2\/pages\/2911","targetHints":{"allow":["GET"]}}],"collection":[{"href":"https:\/\/www.barbaralust.at\/index.php?rest_route=\/wp\/v2\/pages"}],"about":[{"href":"https:\/\/www.barbaralust.at\/index.php?rest_route=\/wp\/v2\/types\/page"}],"author":[{"embeddable":true,"href":"https:\/\/www.barbaralust.at\/index.php?rest_route=\/wp\/v2\/users\/1"}],"replies":[{"embeddable":true,"href":"https:\/\/www.barbaralust.at\/index.php?rest_route=%2Fwp%2Fv2%2Fcomments&post=2911"}],"version-history":[{"count":14,"href":"https:\/\/www.barbaralust.at\/index.php?rest_route=\/wp\/v2\/pages\/2911\/revisions"}],"predecessor-version":[{"id":30259,"href":"https:\/\/www.barbaralust.at\/index.php?rest_route=\/wp\/v2\/pages\/2911\/revisions\/30259"}],"wp:attachment":[{"href":"https:\/\/www.barbaralust.at\/index.php?rest_route=%2Fwp%2Fv2%2Fmedia&parent=2911"}],"curies":[{"name":"wp","href":"https:\/\/api.w.org\/{rel}","templated":true}]}}