{"id":29237,"date":"2024-02-17T10:54:13","date_gmt":"2024-02-17T09:54:13","guid":{"rendered":"https:\/\/www.barbaralust.at\/?page_id=29237"},"modified":"2024-12-23T12:05:57","modified_gmt":"2024-12-23T11:05:57","slug":"60-minuten-workout-serien","status":"publish","type":"page","link":"https:\/\/www.barbaralust.at\/?page_id=29237","title":{"rendered":"60-Minuten-Workout-Serien"},"content":{"rendered":"<p><strong>Alle Serien, die meinem klassischen Workout in der 60-Minuten-Version entsprechen<\/strong> &#8211; alphabetisch geordnet, und daher ist der eigentliche Klassiker als letztes aufgelistet.<\/p>\n<p><em><strong>Wenn nicht anders angegeben<\/strong> (im Titel der Serie oder dann in der Kursbeschreibung der Folge auf der jeweiligen Serien-Seite) <strong>braucht man grunds\u00e4tzlich &#8222;das Equipment&#8220;: Hanteln, Fussmanschetten, Theraband, Elastiband, Ringband, optional ein Pilatesring.<\/strong> Bei einzelnen Folgen kann das eine oder andere Zusatzger\u00e4t auch mal nicht vorkommen (siehe <a href=\"https:\/\/www.barbaralust.at\/?page_id=1115\">Video-Tabelle<\/a>).<\/em><\/p>\n<p><strong><a href=\"https:\/\/www.barbaralust.at\/?page_id=27478\">Aerobic &amp; Floorwork, 60 Minuten<\/a>:<\/strong> Mit einer leichten bis mittelschweren Choreo als Cardio-Training und anschliessend gleich dem Bodenteil. Keine stehenden \u00dcbungen. Eine 60-Minuten-Version des klassischen Workouts.<\/p>\n<p><strong><a href=\"https:\/\/www.barbaralust.at\/?page_id=2863\">Basic Workout<\/a>:<\/strong> Cardio &amp; Kraft mit niedrigerer Intensit\u00e4t, mit Equipment.<\/p>\n<p><strong><a href=\"https:\/\/www.barbaralust.at\/?page_id=2950\">LIWH = Low Impact Workout mit Hanteln<\/a>:<\/strong> Eine leichtere Version des klassischen Workouts, ohne Laufen und Springen und nur mit einem Paar Hanteln.<\/p>\n<p><strong><a href=\"https:\/\/www.barbaralust.at\/?page_id=29602\">Low Impact Workouts mit Hanteln, 60 Minuten<\/a>:<\/strong> Cardio und Kraft, Cardio ohne Laufen und Springen (aber mit \u201etiefen Schritten\u201c f\u00fcr ausreichend Intensit\u00e4t), nur mit einem Paar Hanteln. Eine Version des klassischen Workouts.<\/p>\n<p><strong><a href=\"https:\/\/www.barbaralust.at\/?page_id=28934\">Low Impact Workouts ohne Ger\u00e4te, 60 Minuten<\/a>:<\/strong> Cardio und Kraft, Cardio ohne Laufen und Springen (aber mit \u201etiefen Schritten\u201c f\u00fcr ausreichend Intensit\u00e4t), ganz ohne Zusatzger\u00e4te. Eine 60-Minuten-Version des klaassischen Workouts.<\/p>\n<p><strong><a href=\"https:\/\/www.barbaralust.at\/?page_id=2953\">Low Impact Workout 60 Minuten<\/a>:<\/strong> Cardio und Kraft, Cardio ohne Laufen und Springen (aber mit \u201etiefen Schritten\u201c f\u00fcr ausreichend Intensit\u00e4t). Eine 60-Minuten-Version des klassischen Workouts.<strong><br \/>\n<\/strong><\/p>\n<p><strong><a href=\"https:\/\/www.barbaralust.at\/?page_id=3328\">Workout Mix, 60 Minuten<\/a>:<\/strong> Eine leichtere Version des klassischen Workouts, ohne Laufen und Springen.<\/p>\n<p><strong><a href=\"https:\/\/www.barbaralust.at\/?page_id=3240\">Workouts mit Sessel und Equipment, 60\/90 Minuten<\/a>:<\/strong> Cardio &amp; Kraft\/Kraft, mit Sessel und Zusatzger\u00e4ten. Eine Version des klassischen Workouts.<\/p>\n<p><strong><a href=\"https:\/\/www.barbaralust.at\/?page_id=3243\">Workouts mit Hanteln, 60 Minuten<\/a>:<\/strong> Cardio &amp; Kraft, mit einem Paar Hanteln. Eine Version des klassischen Workouts in der 60-Minuten-Version.<\/p>\n<p><strong><a href=\"https:\/\/www.barbaralust.at\/?page_id=3252\">Workouts ohne Ger\u00e4te, 60 Minuten<\/a>:<\/strong> Cardio &amp; Kraft, ganz ohne Ger\u00e4te. Eine 60-Minuten-Version des klassischen Workouts.<\/p>\n<p><strong><a href=\"https:\/\/www.barbaralust.at\/?page_id=3255\">Workouts, 60 Minuten<\/a>:<\/strong> Cardio &amp; Kraft, mit Zusatzger\u00e4ten. Das klassische Workout in der 60-Minuten-Version.<\/p>\n","protected":false},"excerpt":{"rendered":"<p>Alle Serien, die meinem klassischen Workout in der 60-Minuten-Version entsprechen &#8211; alphabetisch geordnet, und daher ist der eigentliche Klassiker als letztes aufgelistet. Wenn nicht anders angegeben (im Titel der Serie [&hellip;]<\/p>\n","protected":false},"author":1,"featured_media":0,"parent":0,"menu_order":0,"comment_status":"closed","ping_status":"closed","template":"","meta":{"footnotes":""},"class_list":["post-29237","page","type-page","status-publish","hentry"],"_links":{"self":[{"href":"https:\/\/www.barbaralust.at\/index.php?rest_route=\/wp\/v2\/pages\/29237","targetHints":{"allow":["GET"]}}],"collection":[{"href":"https:\/\/www.barbaralust.at\/index.php?rest_route=\/wp\/v2\/pages"}],"about":[{"href":"https:\/\/www.barbaralust.at\/index.php?rest_route=\/wp\/v2\/types\/page"}],"author":[{"embeddable":true,"href":"https:\/\/www.barbaralust.at\/index.php?rest_route=\/wp\/v2\/users\/1"}],"replies":[{"embeddable":true,"href":"https:\/\/www.barbaralust.at\/index.php?rest_route=%2Fwp%2Fv2%2Fcomments&post=29237"}],"version-history":[{"count":7,"href":"https:\/\/www.barbaralust.at\/index.php?rest_route=\/wp\/v2\/pages\/29237\/revisions"}],"predecessor-version":[{"id":30483,"href":"https:\/\/www.barbaralust.at\/index.php?rest_route=\/wp\/v2\/pages\/29237\/revisions\/30483"}],"wp:attachment":[{"href":"https:\/\/www.barbaralust.at\/index.php?rest_route=%2Fwp%2Fv2%2Fmedia&parent=29237"}],"curies":[{"name":"wp","href":"https:\/\/api.w.org\/{rel}","templated":true}]}}