{"id":2953,"date":"2020-12-30T18:44:22","date_gmt":"2020-12-30T17:44:22","guid":{"rendered":"https:\/\/www.barbaralust.at\/?page_id=2953"},"modified":"2024-02-18T22:49:53","modified_gmt":"2024-02-18T21:49:53","slug":"low-impact-workout-60-minuten-2","status":"publish","type":"page","link":"https:\/\/www.barbaralust.at\/?page_id=2953","title":{"rendered":"Low Impact Workouts, 60 Minuten"},"content":{"rendered":"<p>Die <strong>60-Minuten-Version der klassischen Workouts<\/strong>, also meiner Pr\u00e4senzstunden vor Corona, aber <strong>mit einem Cardio-Teil im &#8222;Low Imapct&#8220; = ohne Laufen und Springen<\/strong>.<\/p>\n<p><em>Es ist nicht ganz einfach im \u201eLow Impact\u201c die selbe Intensit\u00e4t beim Cardio-Training zu erreichen wie im \u201eHigh Impact\u201c. Es gibt aber Schritte und Bewegungen, mit denen das m\u00f6glich ist.<\/em><\/p>\n<p>Eine M\u00f6glichkeit sind <strong>\u201etiefe Schritte\u201c<\/strong>, das sind vor allem Mambos vor und zur Seite, die in einen Ausfallschritt oder einen Squat \u00fcbergehen.<\/p>\n<p>Eine andere M\u00f6glichkeit sind <strong>\u201eSlides\u201c<\/strong> \u2013 also vor allem die \u201eTreppensteiger\u201c-Bewegung, die wir auch als Bauchtraining kennen, und die den Puls ganz ohne Laufen und Springen in kurzer Zeit sehr anhebt \u2013 und sich damit perfekt f\u00fcr Intervalle im Cardio-Training eignet.<\/p>\n<p><em><strong>Diese Serie ist nicht leichter als die Serie mit \u201eHigh Impact\u201c. Sie ist lediglich ohne Laufen und Springen, aber genau so schwer wie die <a href=\"https:\/\/www.barbaralust.at\/?page_id=3255\">klassische Workout-Version<\/a>.<\/strong><\/em><\/p>\n<p>Die \u00dcbungen finden mit dem <strong>\u00fcblichen \u201eEquipment\u201c<\/strong> statt, also <strong>Hanteln, Fussmanschetten, Elastiband, Theraband, Ringband, sowie alternativ einem Pilatesring<\/strong>. Manche Folgen verwenden zus\u00e4tzlich einen <strong>Pilatesball<\/strong> oder eben <strong>\u201eSlides\u201c<\/strong>. Diese Zusatzge\u00e4te sind dann jeweils extra im Titel erw\u00e4hnt.<\/p>\n<p>Die <strong>Low Impact Workouts<\/strong> gibt es auch in der <a href=\"https:\/\/www.barbaralust.at\/?page_id=2956\">90-Minuten-Version<\/a>.<\/p>\n<p><em>Derzeit erh\u00e4ltliche Folgen, aussergew\u00f6hnliche Zusatzger\u00e4te sind extra erw\u00e4hnt, der Cardio-Teil ist aufgelistet:<\/em><\/p>\n<p><strong>Low Impact Workout Folge 01, 60 Minuten:<\/strong> Mini-Choreo am Platz mit tiefen Schritten (Hochformat)<strong><br \/>\n<\/strong><\/p>\n<p><strong>Low Impact Workout Folge 02, 60 Minuten:<\/strong> Low Impact Schritte (Hochformat)<strong><br \/>\n<\/strong><\/p>\n<p><strong>Low Impact Workout Folge 03, 60 Minuten:<\/strong> Choreo Low Impact (basic) (Hochformat)<strong><br \/>\n<\/strong><\/p>\n<p><strong>Low Impact Workout Folge 04, 60 Minuten: <\/strong>Choreo Low Impact (basic) mit Schritten \u00fcbers Theraband, <strong>nur mit Theraband und Ringband<\/strong> (Hochformat)<strong><br \/>\n<\/strong><\/p>\n<p><strong>Low Impact Workout Folge 05, 60 Minuten:<\/strong> Choreo Low Impact (basic) mit Grapevine (Querformat)<strong><br \/>\n<\/strong><\/p>\n<p><strong>Low Impact Workout Folge 06, 60 Minuten:<\/strong> Low Impact Intervalle \u00fcber der gerollten Matte (Querformat)<strong><br \/>\n<\/strong><\/p>\n<p><strong>Low Impact Workout Folge 07, 60 Minuten:<\/strong> Low Impact Taps zur\u00fcck im Wechsel mit Slide-Treppensteigern, <strong>mit Slides<\/strong> (Querformat)<strong><br \/>\n<\/strong><\/p>\n<p><strong>Low Impact Workout Folge 08, 60 Minuten:<\/strong> Low Impact Schritte, vor allem Ausfallschritt- und Squat-Mambos, <strong>mit dem Pilatesball<\/strong> (Querformat)<strong><br \/>\n<\/strong><\/p>\n<p><strong>Low Impact Workout Folge 09, 60 Minuten: <\/strong>Mini-Choreo am Platz mit tiefen Schritten (Querformat)<\/p>\n<p><strong>Low Impact Workout Folge 10, 60 Minuten:<\/strong> Mini-Choreo am Platz mit tiefen Schritten (Querformat)<\/p>\n<p><strong>Low Impact Workout Folge 11, 60 Minuten:<\/strong> Schritt-Intervalle mit tiefen Schritten und Knie zur Seite hoch, <strong>nur mit Hanteln &amp; Fussmanschetten<\/strong> (Querformat)<\/p>\n<p><iframe loading=\"lazy\" title=\"Teaser: \u201eLow Impact Workout Folge 10, 60 Minuten\u201c\" width=\"580\" height=\"326\" src=\"https:\/\/www.youtube.com\/embed\/h_o6fDdHHEo?feature=oembed\" frameborder=\"0\" allow=\"accelerometer; autoplay; clipboard-write; encrypted-media; gyroscope; picture-in-picture; web-share\" referrerpolicy=\"strict-origin-when-cross-origin\" allowfullscreen><\/iframe><\/p>\n","protected":false},"excerpt":{"rendered":"<p>Die 60-Minuten-Version der klassischen Workouts, also meiner Pr\u00e4senzstunden vor Corona, aber mit einem Cardio-Teil im &#8222;Low Imapct&#8220; = ohne Laufen und Springen. Es ist nicht ganz einfach im \u201eLow Impact\u201c [&hellip;]<\/p>\n","protected":false},"author":1,"featured_media":0,"parent":0,"menu_order":0,"comment_status":"closed","ping_status":"closed","template":"","meta":{"footnotes":""},"class_list":["post-2953","page","type-page","status-publish","hentry"],"_links":{"self":[{"href":"https:\/\/www.barbaralust.at\/index.php?rest_route=\/wp\/v2\/pages\/2953","targetHints":{"allow":["GET"]}}],"collection":[{"href":"https:\/\/www.barbaralust.at\/index.php?rest_route=\/wp\/v2\/pages"}],"about":[{"href":"https:\/\/www.barbaralust.at\/index.php?rest_route=\/wp\/v2\/types\/page"}],"author":[{"embeddable":true,"href":"https:\/\/www.barbaralust.at\/index.php?rest_route=\/wp\/v2\/users\/1"}],"replies":[{"embeddable":true,"href":"https:\/\/www.barbaralust.at\/index.php?rest_route=%2Fwp%2Fv2%2Fcomments&post=2953"}],"version-history":[{"count":17,"href":"https:\/\/www.barbaralust.at\/index.php?rest_route=\/wp\/v2\/pages\/2953\/revisions"}],"predecessor-version":[{"id":29342,"href":"https:\/\/www.barbaralust.at\/index.php?rest_route=\/wp\/v2\/pages\/2953\/revisions\/29342"}],"wp:attachment":[{"href":"https:\/\/www.barbaralust.at\/index.php?rest_route=%2Fwp%2Fv2%2Fmedia&parent=2953"}],"curies":[{"name":"wp","href":"https:\/\/api.w.org\/{rel}","templated":true}]}}