{"id":30366,"date":"2024-11-02T11:42:40","date_gmt":"2024-11-02T10:42:40","guid":{"rendered":"https:\/\/www.barbaralust.at\/?page_id=30366"},"modified":"2026-01-21T11:51:30","modified_gmt":"2026-01-21T10:51:30","slug":"schuhe","status":"publish","type":"page","link":"https:\/\/www.barbaralust.at\/?page_id=30366","title":{"rendered":"Schuhe"},"content":{"rendered":"<p>Ich empfehle f\u00fcr meine Stunden <strong>feste Sportschuhe<\/strong>. Meine Empfehlungen gelten mit dem Hinweis, dass ich sehr viel im High Impact unterrichte, und daher ganz besonders auf meine immer stark belasteten F\u00fcsse achten muss. <strong>Auch Alter und eventuelle Fussgew\u00f6lbe-Variationen k\u00f6nnen einen Einfluss darauf haben, ob man bei den Schuhen auf mehr Qualit\u00e4t achten muss.<\/strong> Wenn keine Einschr\u00e4nkungen bestehen, solle jeder <strong>Laufschuh<\/strong> oder <strong>Ballsportschuh<\/strong> gut funktionieren. Sehr hohe Sohlen sind ungeeignet, wenn man leicht \u00fcberkn\u00f6chelt. Schuhe, die eher f\u00fcr Krafttraining geeigent sind, sind oft zu flach. Converse und Co. sind sehr schwer und machen einen beim Cardiotraining sehr langsam.<\/p>\n<p><em>Wer es vertr\u00e4gt (wir laufen und springen sehr viel), kann selbstverst\u00e4ndlich auch barfuss oder in Socken teilnehmen. Hier nur das <a href=\"https:\/\/www.barbaralust.at\/?page_id=27294\">Drehen am Fussballen<\/a> bzw. die Rutschgefahr beachten.<\/em><\/p>\n<p><strong>Hier eine <a href=\"https:\/\/www.barbaralust.at\/?page_id=31157\">Anleitung zum Schuhe Testen<\/a> inklusive Video.<\/strong><\/p>\n<p>Nun <strong>meine Empfehlungen<\/strong> (wie oben erw\u00e4hnt f\u00fcr hohe Belastung weil oft und intensiv, aber auch bei Fussproblemen in den Stunden):<\/p>\n<p>Ich habe ein <strong>neues Lieblingsmodell<\/strong>, es ist das Nachfolgermodell meines langj\u00e4hrigen Lieblingsschuhs von NIKE, mit dem ich viele Jahre unterrichtet habe. Das alte Modell ist mir derzeit zu weich und biegsam, die Asics-Schuhe zu hart und fest &#8211; nach einem gr\u00f6beren Fussproblem w\u00e4hrend der Weihnachtsferien habe ich daher umgestellt. Das ist \u00fcberhaupt eine Erfahrung, die ich immer wieder mache &#8211; ein Schuh funktioniert eine Zeit lang, und dann pl\u00f6tzlich nicht mehr. Ich wechsle, und oft kommen alte Modelle pl\u00f6tzlich wieder zum Einsatz. Oder ich verwende die Schuhe zum Spazieren gehen. Wenn man viel geht, l\u00e4uft oder trainiert, muss man Schuhe sowieso regelm\u00e4\u00dfig austauschen, weil sie durchgelaufen sind.<\/p>\n<p><strong>Meine neueste Schuhempfehlung ist also:\u00a0<a href=\"https:\/\/www.nike.com\/at\/t\/vomero-18-strassenlaufschuh-Y7SgTLPG\/HM6804-111\">Nike Vomero 18<\/a>:<\/strong> es gibt <strong>Damen- und Herrenmodelle<\/strong>. Achtung, der Schuh ist <strong>super ged\u00e4mpft und hinten deutlich h\u00f6her<\/strong>, das ist das, was ich gerade brauche, vor allem beim Laufen auf der Stelle &#8211; <strong>wenn man zum \u00dcberkn\u00f6cheln neigt, ist der Schuh aber bei Grapevines dann vielleicht zu riskant<\/strong>. Die Asics-Schuhe (siehe unten) sind flacher.<\/p>\n<p><img loading=\"lazy\" decoding=\"async\" class=\"alignnone size-medium wp-image-31619\" src=\"https:\/\/www.barbaralust.at\/wp-content\/uploads\/2026\/01\/Vomero-18-300x300.jpeg\" alt=\"\" width=\"300\" height=\"300\" srcset=\"https:\/\/www.barbaralust.at\/wp-content\/uploads\/2026\/01\/Vomero-18-300x300.jpeg 300w, https:\/\/www.barbaralust.at\/wp-content\/uploads\/2026\/01\/Vomero-18-150x150.jpeg 150w, https:\/\/www.barbaralust.at\/wp-content\/uploads\/2026\/01\/Vomero-18.jpeg 750w\" sizes=\"auto, (max-width: 300px) 100vw, 300px\" \/><\/p>\n<p>&nbsp;<\/p>\n<p><b>Weitere Empfehlungen:<\/b><\/p>\n<p>Ich habe <strong>neue Schuhe der Marke &#8222;On&#8220; f\u00fcr den sehr harten Boden im Sportcenter Praterstern<\/strong>, dieses Modell hat eine <strong>glattere Sohle als andere Modelle dieser Marke<\/strong>, daher halten die Drehpunkte besser, und \u00fcberhaupt ist eine glatte Sohle f\u00fcr Indoor-Workouts besser. Hier ist das Modell erh\u00e4ltlich:<\/p>\n<p><strong><a href=\"https:\/\/www.zalando.at\/on-cloudsurfer-next-laufschuh-strasse-niagara-white-onm11a03t-c12.html\">On CLOUDSURFER NEXT Damenmodell<\/a><\/strong><\/p>\n<p><strong><a href=\"https:\/\/www.zalando.at\/on-cloudsurfer-laufschuh-strasse-honeydew-ivory-onm42a02u-o11.html\">On CLOUDSURFER NEXT Herrenmodell<\/a><\/strong><\/p>\n<p><em>Einige Farbvarianten sind derzeit g\u00fcnstiger zu haben.<\/em><\/p>\n<p><strong>Die D\u00e4mpfung dieser Marke ist sehr speziell und vor allem auch am Vorfuss extrem gut &#8211; und deswegen habe ich diesen Schuh am Praterstern (Boden sehr hart).<\/strong><\/p>\n<p><img loading=\"lazy\" decoding=\"async\" class=\"alignnone size-medium wp-image-31375\" src=\"https:\/\/www.barbaralust.at\/wp-content\/uploads\/2025\/09\/WhatsApp-Image-2025-09-30-at-12.37.29-300x300.jpeg\" alt=\"\" width=\"300\" height=\"300\" srcset=\"https:\/\/www.barbaralust.at\/wp-content\/uploads\/2025\/09\/WhatsApp-Image-2025-09-30-at-12.37.29-300x300.jpeg 300w, https:\/\/www.barbaralust.at\/wp-content\/uploads\/2025\/09\/WhatsApp-Image-2025-09-30-at-12.37.29-1024x1024.jpeg 1024w, https:\/\/www.barbaralust.at\/wp-content\/uploads\/2025\/09\/WhatsApp-Image-2025-09-30-at-12.37.29-150x150.jpeg 150w, https:\/\/www.barbaralust.at\/wp-content\/uploads\/2025\/09\/WhatsApp-Image-2025-09-30-at-12.37.29-768x769.jpeg 768w, https:\/\/www.barbaralust.at\/wp-content\/uploads\/2025\/09\/WhatsApp-Image-2025-09-30-at-12.37.29-1534x1536.jpeg 1534w, https:\/\/www.barbaralust.at\/wp-content\/uploads\/2025\/09\/WhatsApp-Image-2025-09-30-at-12.37.29-1200x1202.jpeg 1200w, https:\/\/www.barbaralust.at\/wp-content\/uploads\/2025\/09\/WhatsApp-Image-2025-09-30-at-12.37.29.jpeg 1598w\" sizes=\"auto, (max-width: 300px) 100vw, 300px\" \/><\/p>\n<p>&nbsp;<\/p>\n<p><strong><a href=\"https:\/\/www.amazon.de\/s?k=nike+air+zoom+vomero+16&amp;__mk_de_DE=%C3%85M%C3%85%C5%BD%C3%95%C3%91&amp;crid=1H1FEEH0MNV0W&amp;sprefix=nike+air+zoom+vomero+16%2Caps%2C96&amp;ref=nb_sb_noss_1\">Nike Air Zoom Vomero 16<\/a><\/strong>: Ein \u00e4lteres Modell meines derzeitigen Lieblingsschuhs, jahrelang habe ich damit sehr gern unterrichtet. Flacher und biegsamer als das neue Modell.<\/p>\n<p><strong><a href=\"https:\/\/www.zalando.at\/asics-sky-elite-ff-3-volleyballschuh-whitewatershed-rose-as141a18k-a11.html\">SKY ELITE FF 3 LO<\/a><\/strong> (Achtung, sicherheitshalber eine Farbvariante ohne schwarze Sohle w\u00e4hlen): <strong>Volleyballschuhe<\/strong>, die ich besonders auf den oft sehr weichen Ballsport-Hallenb\u00f6den in einigen USI-Sportst\u00e4tten gut finde &#8211; sie funktionieren f\u00fcr unsere Stunden aber \u00fcberall. <strong>Etwas flacher und fester als Laufschuhe, in der hohen Variante sehr gut gegen \u00dcberkn\u00f6cheln:<\/strong><\/p>\n<p><strong><a href=\"https:\/\/www.zalando.at\/asics-sky-elite-ff-3-mt-volleyballschuh-whitewatershed-rose-as141a18j-a11.html\">SKY ELITE FF 3 MT<\/a><\/strong> (sicherheitshalber eine Farbvariante ohne schwarze Sohle w\u00e4hlen)<\/p>\n<p>Auf der <strong>Asics Homepage<\/strong> sind alle aktuellen <strong><a href=\"https:\/\/www.asics.com\/at\/de-at\/search\/?q=sky+elite+ff&amp;utm_source=google&amp;utm_medium=cpc&amp;utm_campaign=aeb_at_as_conquesting_brand_search_all_all&amp;gad_source=1&amp;gclid=Cj0KCQjwm5e5BhCWARIsANwm06jR5iXEU-O45DYrusiTgDKKrb_lJsEghD0yoiaGio6HbX3xRKRw3lsaAspyEALw_wcB\">SKY ELITE FF Modelle<\/a><\/strong> abrufbar, das Modell kommt regelm\u00e4\u00dfig in neuen Farben.<\/p>\n<p>W\u00e4hrend man sich in Laufschuhen oft ganz gut auf den Fussballen drehen kann, sind die Volleyballschuhe nicht so ideal daf\u00fcr &#8211; <strong>ich klebe daher immer\u00a0<a href=\"https:\/\/www.barbaralust.at\/?page_id=27294\">Drehpunkte<\/a> auf<\/strong>. Allerdings sind die Gummib\u00f6den in den Turns\u00e4len sowieso sehr speziell, manchmal sehr rutschig, manchmal extrem pickig, und man muss hier sowieso immer anpassen und oft Drehpunkte aufkleben.<\/p>\n<p><em>Achtung, zu Hause auf Parkett sind die Volleyball-Schuhe recht laut, weil sie eben eine recht harte Sohle haben.<\/em><\/p>\n<p><img loading=\"lazy\" decoding=\"async\" class=\"alignnone wp-image-30368 size-medium\" src=\"https:\/\/www.barbaralust.at\/wp-content\/uploads\/2024\/11\/WhatsApp-Image-2024-11-02-at-11.35.33-300x300.jpeg\" alt=\"\" width=\"300\" height=\"300\" srcset=\"https:\/\/www.barbaralust.at\/wp-content\/uploads\/2024\/11\/WhatsApp-Image-2024-11-02-at-11.35.33-300x300.jpeg 300w, https:\/\/www.barbaralust.at\/wp-content\/uploads\/2024\/11\/WhatsApp-Image-2024-11-02-at-11.35.33-150x150.jpeg 150w, https:\/\/www.barbaralust.at\/wp-content\/uploads\/2024\/11\/WhatsApp-Image-2024-11-02-at-11.35.33.jpeg 750w\" sizes=\"auto, (max-width: 300px) 100vw, 300px\" \/><\/p>\n","protected":false},"excerpt":{"rendered":"<p>Ich empfehle f\u00fcr meine Stunden feste Sportschuhe. Meine Empfehlungen gelten mit dem Hinweis, dass ich sehr viel im High Impact unterrichte, und daher ganz besonders auf meine immer stark belasteten [&hellip;]<\/p>\n","protected":false},"author":1,"featured_media":0,"parent":0,"menu_order":0,"comment_status":"closed","ping_status":"closed","template":"","meta":{"footnotes":""},"class_list":["post-30366","page","type-page","status-publish","hentry"],"_links":{"self":[{"href":"https:\/\/www.barbaralust.at\/index.php?rest_route=\/wp\/v2\/pages\/30366","targetHints":{"allow":["GET"]}}],"collection":[{"href":"https:\/\/www.barbaralust.at\/index.php?rest_route=\/wp\/v2\/pages"}],"about":[{"href":"https:\/\/www.barbaralust.at\/index.php?rest_route=\/wp\/v2\/types\/page"}],"author":[{"embeddable":true,"href":"https:\/\/www.barbaralust.at\/index.php?rest_route=\/wp\/v2\/users\/1"}],"replies":[{"embeddable":true,"href":"https:\/\/www.barbaralust.at\/index.php?rest_route=%2Fwp%2Fv2%2Fcomments&post=30366"}],"version-history":[{"count":19,"href":"https:\/\/www.barbaralust.at\/index.php?rest_route=\/wp\/v2\/pages\/30366\/revisions"}],"predecessor-version":[{"id":31621,"href":"https:\/\/www.barbaralust.at\/index.php?rest_route=\/wp\/v2\/pages\/30366\/revisions\/31621"}],"wp:attachment":[{"href":"https:\/\/www.barbaralust.at\/index.php?rest_route=%2Fwp%2Fv2%2Fmedia&parent=30366"}],"curies":[{"name":"wp","href":"https:\/\/api.w.org\/{rel}","templated":true}]}}