{"id":3100,"date":"2021-01-13T18:17:24","date_gmt":"2021-01-13T17:17:24","guid":{"rendered":"https:\/\/www.barbaralust.at\/?page_id=3100"},"modified":"2026-03-02T10:44:40","modified_gmt":"2026-03-02T09:44:40","slug":"rueckentraining-2","status":"publish","type":"page","link":"https:\/\/www.barbaralust.at\/?page_id=3100","title":{"rendered":"R\u00fcckentraining"},"content":{"rendered":"<p><strong>Reine R\u00fcckentrainings<\/strong> in ganz unterschiedlichen Aufmachnungen &#8211; nur am Boden, mit oder ohne Zusatzger\u00e4ten, mehr &#8222;R\u00fcckenfitness&#8220; oder eher &#8222;Wirbels\u00e4ulengymnastik&#8220;. Je nach Lust und Laune oder Bedarf sind diese Videos beliebig einsetzbar.<\/p>\n<p>Klassisch werden in der &#8222;Wirbels\u00e4ulengymnastik&#8220; vor allem die <strong>R\u00fcckenstrecker<\/strong> trainiert. Aber auch der <strong>Latissimus<\/strong> geh\u00f6rt in ein R\u00fcckentraining &#8211; je nach verwendenten Trainingsger\u00e4ten, je nach Stundenaufbau, reichen meine Einheiten <strong>von der klassischen &#8222;Gesunder R\u00fccken&#8220;-Stunde bis zu &#8222;R\u00fcckenfit&#8220;<\/strong> (z.B. mit dem Step oder mit Widerstandsb\u00e4ndern). Ich nenne sie alle <strong>&#8222;R\u00fcckentraining&#8220;<\/strong>. In Kombination mit anderen Einheiten machen sie alle Sinn und k\u00f6nnen nach Lust und Laune kombiniert oder auch als Einzelstunde trainiert werden.<\/p>\n<p><em>Sinnvoll zu kombinieren w\u00e4ren die reinen &#8222;R\u00fcckentrainings&#8220; unter anderem mit den <a href=\"https:\/\/www.barbaralust.at\/?page_id=2867\">Bauchtraining<\/a>-Videos. Alternativ sind die (fortgeschrittenen) <a href=\"https:\/\/www.barbaralust.at\/?page_id=2941\">Core-Trainings<\/a> entsprechend. Auch die 60-Minuten-<a href=\"https:\/\/www.barbaralust.at\/?page_id=3400\">Stretch &amp; Tone<\/a>-Serie trainiert die Haltemuskulatur (Bauch, Beine, R\u00fccken) mit Augenmerk auf K\u00f6rperhaltung (und Beweglichkeit).<\/em><\/p>\n<p>Derzeit erh\u00e4ltliche Folgen:<\/p>\n<p><strong>Oberer R\u00fccken und Schulterg\u00fcrtel hinten im Sitzen, 15 Minuten<\/strong> (mit Theraband) (Querformat)<\/p>\n<p><strong>Oberer R\u00fccken und Schulterg\u00fcrtel hinten und unten, 12 Minuten<\/strong> (mit Sessel und Hanteln) (Querformat)<\/p>\n<p><strong>R\u00fccken und Hintern auf der Matte mit Hanteln und Fussmanschetten, 20 Minuten<\/strong> (den Hintern ins R\u00fcckentraining zu integrieren, macht Sinn &#8211; die Ges\u00e4\u00dfmuskulatur streckt in der H\u00fcfte, und arbeitet hier mit dem R\u00fccken zusammen) (Querformat)<\/p>\n<p><strong>R\u00fcckentraining am Step, 10 Minuten<\/strong> (Querformat)<\/p>\n<p><strong>R\u00fcckentraining auf der Matte mit Hanteln und Theraband, 35 Minuten<\/strong> (Querformat)<\/p>\n<p><strong>R\u00fcckentraining mit Pilatesball, 15 Minuten<\/strong> (Querformat)<\/p>\n<p><strong>R\u00fcckentraining mit Ringband, 20 Minuten<\/strong> (Querformat)<\/p>\n<p><strong>R\u00fcckentraining mit Sessel und B\u00e4ndern, 10 Minuten<\/strong> (Hochformat)<\/p>\n<p><strong>R\u00fcckentraining mit Step, 30 Minuten<\/strong> (Hochformat)<\/p>\n<p><strong>R\u00fcckentraining ohne Ger\u00e4te Folge 01, 15 Minuten<\/strong> (Hochformat)<\/p>\n<p><strong>R\u00fcckentraining ohne Ger\u00e4te Folge 02, 10 Minuten<\/strong> (Querformat)<\/p>\n<p>Auch zu erw\u00e4hnen ist hier das Special <strong>\u201eLatissimus &amp; Brust mit Hanteln, Elastiband, Theraband, und Ringband, 50 Minuten\u201c <\/strong>(Hochformat)<\/p>\n<p><img loading=\"lazy\" decoding=\"async\" class=\"alignnone size-medium wp-image-3547\" src=\"https:\/\/www.barbaralust.at\/wp-content\/uploads\/2021\/03\/157779713_3972282829459510_9161780115576699354_n-300x300.jpg\" alt=\"\" width=\"300\" height=\"300\" srcset=\"https:\/\/www.barbaralust.at\/wp-content\/uploads\/2021\/03\/157779713_3972282829459510_9161780115576699354_n-300x300.jpg 300w, https:\/\/www.barbaralust.at\/wp-content\/uploads\/2021\/03\/157779713_3972282829459510_9161780115576699354_n-150x150.jpg 150w, https:\/\/www.barbaralust.at\/wp-content\/uploads\/2021\/03\/157779713_3972282829459510_9161780115576699354_n.jpg 640w\" sizes=\"auto, (max-width: 300px) 100vw, 300px\" \/><\/p>\n","protected":false},"excerpt":{"rendered":"<p>Reine R\u00fcckentrainings in ganz unterschiedlichen Aufmachnungen &#8211; nur am Boden, mit oder ohne Zusatzger\u00e4ten, mehr &#8222;R\u00fcckenfitness&#8220; oder eher &#8222;Wirbels\u00e4ulengymnastik&#8220;. Je nach Lust und Laune oder Bedarf sind diese Videos beliebig [&hellip;]<\/p>\n","protected":false},"author":1,"featured_media":0,"parent":0,"menu_order":0,"comment_status":"closed","ping_status":"closed","template":"","meta":{"footnotes":""},"class_list":["post-3100","page","type-page","status-publish","hentry"],"_links":{"self":[{"href":"https:\/\/www.barbaralust.at\/index.php?rest_route=\/wp\/v2\/pages\/3100","targetHints":{"allow":["GET"]}}],"collection":[{"href":"https:\/\/www.barbaralust.at\/index.php?rest_route=\/wp\/v2\/pages"}],"about":[{"href":"https:\/\/www.barbaralust.at\/index.php?rest_route=\/wp\/v2\/types\/page"}],"author":[{"embeddable":true,"href":"https:\/\/www.barbaralust.at\/index.php?rest_route=\/wp\/v2\/users\/1"}],"replies":[{"embeddable":true,"href":"https:\/\/www.barbaralust.at\/index.php?rest_route=%2Fwp%2Fv2%2Fcomments&post=3100"}],"version-history":[{"count":13,"href":"https:\/\/www.barbaralust.at\/index.php?rest_route=\/wp\/v2\/pages\/3100\/revisions"}],"predecessor-version":[{"id":31842,"href":"https:\/\/www.barbaralust.at\/index.php?rest_route=\/wp\/v2\/pages\/3100\/revisions\/31842"}],"wp:attachment":[{"href":"https:\/\/www.barbaralust.at\/index.php?rest_route=%2Fwp%2Fv2%2Fmedia&parent=3100"}],"curies":[{"name":"wp","href":"https:\/\/api.w.org\/{rel}","templated":true}]}}