{"id":31712,"date":"2026-02-06T10:02:55","date_gmt":"2026-02-06T09:02:55","guid":{"rendered":"https:\/\/www.barbaralust.at\/?page_id=31712"},"modified":"2026-02-06T10:29:56","modified_gmt":"2026-02-06T09:29:56","slug":"fortbildungen-am-usi-wien","status":"publish","type":"page","link":"https:\/\/www.barbaralust.at\/?page_id=31712","title":{"rendered":"Fortbildungen am USI Wien"},"content":{"rendered":"<p>Ich unterrichte im Sommersemester 2026 diese Fortbildung am <a href=\"https:\/\/musi.usi.at\/\">USI Wien<\/a>:<\/p>\n<p><strong><a href=\"https:\/\/www.barbaralust.at\/?page_id=31709\">631 \u2013 Fortbildung Aerobic Choreography Lab \u2013 der 32er-Musikbogen<\/a><\/strong><\/p>\n<p><em>Die Kursanmeldung ist ausschliesslich \u00fcber das\u00a0<a href=\"https:\/\/musi.usi.at\/\">USI Wien<\/a> m\u00f6glich.<\/em><\/p>\n<p class=\"bodytext\"><strong>Zur Teilnahme an USI-Kursen ist folgender Personenkreis berechtigt:<\/strong><\/p>\n<ul class=\"gray-bg\">\n<li>Studierende der Universit\u00e4ten, Kunsthochschulen, P\u00e4dagogischen Hochschulen, Fachhochschulen, Kollegs und Privatuniversit\u00e4ten sowie Personen mit Hochschulzugang<\/li>\n<li>Mitarbeiter*innen und pensionierte Mitarbeiter*innen der Universit\u00e4ten und Kunsthochschulen, sowie der Ministerien<\/li>\n<li>AkademikerInnen, d.h. Personen mit ordnungsgem\u00e4\u00df abgeschlossener Hochschulbildung<\/li>\n<\/ul>\n<p><em>Hier k\u00f6nnt ihr euch die <a href=\"https:\/\/www.barbaralust.at\/wp-content\/uploads\/2022\/06\/AGB.pdf\"><strong>AGBs<\/strong><\/a> durchlesen.<\/em><\/p>\n<div>\n<p><strong>Das sind die Anmeldetermine f\u00fcr das Sommersemester 2026 am USI Wien:<\/strong><\/p>\n<p><strong>Ab 02.02.2026:<\/strong> <a href=\"https:\/\/musi.usi.at\">Programm<\/a> online.<\/p>\n<p><strong>Ab 09.02.2026 (12:00):<\/strong> Vorbuchungsphase f\u00fcr Kurse, die man im Wintersemester schon gebucht hat.<\/p>\n<p><strong>Ab 18.02.2026 (12:00):<\/strong>\u00a0Online-Anmeldung f\u00fcr aktiv Studierende und Universit\u00e4tsmitarbeiter*innen.<\/p>\n<p><strong>Ab 19.02.2026 (12:00):<\/strong> Allgemeiner Anmeldestart f\u00fcr alle.<\/p>\n<\/div>\n<p><img loading=\"lazy\" decoding=\"async\" class=\"alignnone wp-image-31703 size-full\" src=\"https:\/\/www.barbaralust.at\/wp-content\/uploads\/2026\/02\/WhatsApp-Image-2026-02-05-at-10.49.30.jpeg\" alt=\"\" width=\"750\" height=\"750\" srcset=\"https:\/\/www.barbaralust.at\/wp-content\/uploads\/2026\/02\/WhatsApp-Image-2026-02-05-at-10.49.30.jpeg 750w, https:\/\/www.barbaralust.at\/wp-content\/uploads\/2026\/02\/WhatsApp-Image-2026-02-05-at-10.49.30-300x300.jpeg 300w, https:\/\/www.barbaralust.at\/wp-content\/uploads\/2026\/02\/WhatsApp-Image-2026-02-05-at-10.49.30-150x150.jpeg 150w\" sizes=\"auto, (max-width: 750px) 100vw, 750px\" \/><\/p>\n","protected":false},"excerpt":{"rendered":"<p>Ich unterrichte im Sommersemester 2026 diese Fortbildung am USI Wien: 631 \u2013 Fortbildung Aerobic Choreography Lab \u2013 der 32er-Musikbogen Die Kursanmeldung ist ausschliesslich \u00fcber das\u00a0USI Wien m\u00f6glich. Zur Teilnahme an [&hellip;]<\/p>\n","protected":false},"author":1,"featured_media":0,"parent":0,"menu_order":0,"comment_status":"closed","ping_status":"closed","template":"","meta":{"footnotes":""},"class_list":["post-31712","page","type-page","status-publish","hentry"],"_links":{"self":[{"href":"https:\/\/www.barbaralust.at\/index.php?rest_route=\/wp\/v2\/pages\/31712","targetHints":{"allow":["GET"]}}],"collection":[{"href":"https:\/\/www.barbaralust.at\/index.php?rest_route=\/wp\/v2\/pages"}],"about":[{"href":"https:\/\/www.barbaralust.at\/index.php?rest_route=\/wp\/v2\/types\/page"}],"author":[{"embeddable":true,"href":"https:\/\/www.barbaralust.at\/index.php?rest_route=\/wp\/v2\/users\/1"}],"replies":[{"embeddable":true,"href":"https:\/\/www.barbaralust.at\/index.php?rest_route=%2Fwp%2Fv2%2Fcomments&post=31712"}],"version-history":[{"count":4,"href":"https:\/\/www.barbaralust.at\/index.php?rest_route=\/wp\/v2\/pages\/31712\/revisions"}],"predecessor-version":[{"id":31717,"href":"https:\/\/www.barbaralust.at\/index.php?rest_route=\/wp\/v2\/pages\/31712\/revisions\/31717"}],"wp:attachment":[{"href":"https:\/\/www.barbaralust.at\/index.php?rest_route=%2Fwp%2Fv2%2Fmedia&parent=31712"}],"curies":[{"name":"wp","href":"https:\/\/api.w.org\/{rel}","templated":true}]}}