{"id":3231,"date":"2021-01-31T11:38:14","date_gmt":"2021-01-31T10:38:14","guid":{"rendered":"https:\/\/www.barbaralust.at\/?page_id=3231"},"modified":"2024-12-29T10:41:00","modified_gmt":"2024-12-29T09:41:00","slug":"stretching-4","status":"publish","type":"page","link":"https:\/\/www.barbaralust.at\/?page_id=3231","title":{"rendered":"Stretching"},"content":{"rendered":"<p><strong>Reine Dehn-Trainingsprogramme.<\/strong><\/p>\n<p>Ausgenommen habe ich hier die <strong><a href=\"https:\/\/www.barbaralust.at\/?page_id=3228\">Split-Training<\/a><\/strong><strong>-Videos<\/strong>, obwohl die nat\u00fcrlich auch zu &#8222;Stretching&#8220; geh\u00f6ren, einfach weil die sehr speziell sind, und nur eine Bewegung\/Position trainieren.<\/p>\n<p><em>Derzeit erh\u00e4ltlich:<\/em><\/p>\n<p><strong>Home-Office-Stretch am Sessel, 10 Minuten<\/strong> &#8211; im Sitzen und im Stehen (Querformat)<\/p>\n<p><strong>Home-Office-Stretch am Sessel, 15 Minuten<\/strong> &#8211; im Sitzen und im Stehen (Querformat)<\/p>\n<p><strong>Stretching nach Laufen, Walken, Wandern, 20 Minuten&#8220;<\/strong> &#8211; speziell f\u00fcr die Bein- und H\u00fcftmuskulatur nach einer l\u00e4nder andauernden Fortbewegungs-Belastung (Hochformat)<\/p>\n<p><strong>Stretching, 30 Minuten<\/strong> &#8211; ein allgemeines Dehnprogramm, optional mit einem l\u00e4ngeren Band und Yogabl\u00f6cken (Querformat)<\/p>\n<p><strong>Stretching, 60 Minuten<\/strong> &#8211; ein umfassendes, allgemeines Dehnprogramm (inkl. einem Split-Teil, der modifiziert werden kann), ideal mit einem l\u00e4ngeren Band und optional mit Yogabl\u00f6cken, Yogabrett und\/oder <a href=\"https:\/\/www.amazon.de\/AIREX-Balance-pad-Elite-blau-ca\/dp\/B001DHJV4U\/ref=sr_1_5?adgrpid=71197091495&amp;dib=eyJ2IjoiMSJ9.HYQjMfaN7LUaMozOzi7cxTjfurDVQVBB01xdqxuRp_qFvQB4_3TRt3MXA7Ir2wUxZzA2NdGN314KgK6P0tKsSl_XYDMMVf3xDUPfHwu2hp_zRz1sz7sQqvzVTZgV9fDLh72lvg4kQPAq_ynvi-k6MAQgi5dhrenMOJXR8NYOt6vfzp2Fl9TBegqEeia6U-_n5OjEZn79iS6Khjz-3rqj4NrRi9a6-KnH-Wnsv92OOOZKNwWCn9peO5ppaMw0Kz03N3nsFaL8rlVcW8YLw6ljq8MGJbYP8cZayCubrmjckOVpBXhn70CJJ-pgEF_iRkz2UTdCf1yQcEoHXOFx2CkUpYM10yzrSap_TZhh2xeGGXtUaqwvEFJ5OuIDKlTK7dn8izYVQzgfVO0z6S2o4IO3bh1hzjNVtYeEwQ8bXMGngBwrGfuqu1XENJ30skvpnpPa.DR20t_GnOiBtj0Dkw732I7_9yM2096O7-_dk5njxQ8s&amp;dib_tag=se&amp;hvadid=676613364908&amp;hvdev=c&amp;hvlocphy=9196286&amp;hvnetw=g&amp;hvqmt=e&amp;hvrand=2292933148701518236&amp;hvtargid=kwd-301116319433&amp;hydadcr=23837_2368137&amp;keywords=airex-balance-pad&amp;nsdOptOutParam=true&amp;qid=1734876181&amp;sr=8-5&amp;th=1\">Airex Balance Pad<\/a> (nur zum Draufsetzen beim Split) (Hochformat)<\/p>\n<p><strong>Stretching: Bein- und H\u00fcftmuskeln fortgeschritten, 60 Minuten<\/strong> &#8211; optional mit Yogabl\u00f6cken, Yogabrett und\/oder <a href=\"https:\/\/www.amazon.de\/AIREX-Balance-pad-Elite-blau-ca\/dp\/B001DHJV4U\/ref=sr_1_5?adgrpid=71197091495&amp;dib=eyJ2IjoiMSJ9.HYQjMfaN7LUaMozOzi7cxTjfurDVQVBB01xdqxuRp_qFvQB4_3TRt3MXA7Ir2wUxZzA2NdGN314KgK6P0tKsSl_XYDMMVf3xDUPfHwu2hp_zRz1sz7sQqvzVTZgV9fDLh72lvg4kQPAq_ynvi-k6MAQgi5dhrenMOJXR8NYOt6vfzp2Fl9TBegqEeia6U-_n5OjEZn79iS6Khjz-3rqj4NrRi9a6-KnH-Wnsv92OOOZKNwWCn9peO5ppaMw0Kz03N3nsFaL8rlVcW8YLw6ljq8MGJbYP8cZayCubrmjckOVpBXhn70CJJ-pgEF_iRkz2UTdCf1yQcEoHXOFx2CkUpYM10yzrSap_TZhh2xeGGXtUaqwvEFJ5OuIDKlTK7dn8izYVQzgfVO0z6S2o4IO3bh1hzjNVtYeEwQ8bXMGngBwrGfuqu1XENJ30skvpnpPa.DR20t_GnOiBtj0Dkw732I7_9yM2096O7-_dk5njxQ8s&amp;dib_tag=se&amp;hvadid=676613364908&amp;hvdev=c&amp;hvlocphy=9196286&amp;hvnetw=g&amp;hvqmt=e&amp;hvrand=2292933148701518236&amp;hvtargid=kwd-301116319433&amp;hydadcr=23837_2368137&amp;keywords=airex-balance-pad&amp;nsdOptOutParam=true&amp;qid=1734876181&amp;sr=8-5&amp;th=1\">Airex Balance Pad<\/a> (nur zum Draufsetzen beim Split) und eventuell einem Elastiband (Querformat)<\/p>\n<p><img loading=\"lazy\" decoding=\"async\" class=\"alignnone wp-image-27285 size-full\" src=\"https:\/\/www.barbaralust.at\/wp-content\/uploads\/2023\/02\/332931215_5974746669270601_4129693339653899941_n.jpg\" alt=\"\" width=\"640\" height=\"640\" srcset=\"https:\/\/www.barbaralust.at\/wp-content\/uploads\/2023\/02\/332931215_5974746669270601_4129693339653899941_n.jpg 640w, https:\/\/www.barbaralust.at\/wp-content\/uploads\/2023\/02\/332931215_5974746669270601_4129693339653899941_n-300x300.jpg 300w, https:\/\/www.barbaralust.at\/wp-content\/uploads\/2023\/02\/332931215_5974746669270601_4129693339653899941_n-150x150.jpg 150w\" sizes=\"auto, (max-width: 640px) 100vw, 640px\" \/><\/p>\n<p><img loading=\"lazy\" decoding=\"async\" class=\"alignnone wp-image-30508 size-full\" src=\"https:\/\/www.barbaralust.at\/wp-content\/uploads\/2024\/12\/WhatsApp-Image-2024-12-29-at-10.38.11.jpeg\" alt=\"\" width=\"640\" height=\"640\" srcset=\"https:\/\/www.barbaralust.at\/wp-content\/uploads\/2024\/12\/WhatsApp-Image-2024-12-29-at-10.38.11.jpeg 640w, https:\/\/www.barbaralust.at\/wp-content\/uploads\/2024\/12\/WhatsApp-Image-2024-12-29-at-10.38.11-300x300.jpeg 300w, https:\/\/www.barbaralust.at\/wp-content\/uploads\/2024\/12\/WhatsApp-Image-2024-12-29-at-10.38.11-150x150.jpeg 150w\" sizes=\"auto, (max-width: 640px) 100vw, 640px\" \/><\/p>\n","protected":false},"excerpt":{"rendered":"<p>Reine Dehn-Trainingsprogramme. Ausgenommen habe ich hier die Split-Training-Videos, obwohl die nat\u00fcrlich auch zu &#8222;Stretching&#8220; geh\u00f6ren, einfach weil die sehr speziell sind, und nur eine Bewegung\/Position trainieren. Derzeit erh\u00e4ltlich: Home-Office-Stretch am [&hellip;]<\/p>\n","protected":false},"author":1,"featured_media":0,"parent":0,"menu_order":0,"comment_status":"closed","ping_status":"closed","template":"","meta":{"footnotes":""},"class_list":["post-3231","page","type-page","status-publish","hentry"],"_links":{"self":[{"href":"https:\/\/www.barbaralust.at\/index.php?rest_route=\/wp\/v2\/pages\/3231","targetHints":{"allow":["GET"]}}],"collection":[{"href":"https:\/\/www.barbaralust.at\/index.php?rest_route=\/wp\/v2\/pages"}],"about":[{"href":"https:\/\/www.barbaralust.at\/index.php?rest_route=\/wp\/v2\/types\/page"}],"author":[{"embeddable":true,"href":"https:\/\/www.barbaralust.at\/index.php?rest_route=\/wp\/v2\/users\/1"}],"replies":[{"embeddable":true,"href":"https:\/\/www.barbaralust.at\/index.php?rest_route=%2Fwp%2Fv2%2Fcomments&post=3231"}],"version-history":[{"count":9,"href":"https:\/\/www.barbaralust.at\/index.php?rest_route=\/wp\/v2\/pages\/3231\/revisions"}],"predecessor-version":[{"id":30510,"href":"https:\/\/www.barbaralust.at\/index.php?rest_route=\/wp\/v2\/pages\/3231\/revisions\/30510"}],"wp:attachment":[{"href":"https:\/\/www.barbaralust.at\/index.php?rest_route=%2Fwp%2Fv2%2Fmedia&parent=3231"}],"curies":[{"name":"wp","href":"https:\/\/api.w.org\/{rel}","templated":true}]}}