{"id":3243,"date":"2021-01-31T11:39:24","date_gmt":"2021-01-31T10:39:24","guid":{"rendered":"https:\/\/www.barbaralust.at\/?page_id=3243"},"modified":"2022-04-15T13:34:18","modified_gmt":"2022-04-15T11:34:18","slug":"workouts-mit-hanteln-60-minuten-2","status":"publish","type":"page","link":"https:\/\/www.barbaralust.at\/?page_id=3243","title":{"rendered":"Workouts mit Hanteln, 60 Minuten"},"content":{"rendered":"<p><strong>Das klassische Workout in der 60-Minuten-Version, mit nur einem Paar Hanteln.<\/strong><\/p>\n<p>Es passen deine \u00fcblichen, f\u00fcr alle anderen Workouts verwendeten Gewichte.<\/p>\n<p><em>Es k\u00f6nnen \u00dcbungen mit beiden Hanteln in einer Hand vorkommen. Ich verborge weiterhin, falls du f\u00fcr diese \u00dcbungen eine doppelt so schwere Hanteln verwenden m\u00f6chtest.<\/em><\/p>\n<p>Derzeit sind 2 Folgen erh\u00e4ltlich, die erste Folge ist Teil einer anderen Serie:<\/p>\n<p><strong>Workout mit Hanteln Folge 01, 60 Minuten = Workout 04, 60 Minuten (nur mit Hanteln)<\/strong> (basic Choreo HiLo mit Grapevine) (Querformat)<strong><br \/>\n<\/strong><\/p>\n<p><strong>Workout mit Hanteln Folge 02, 60 Minuten<\/strong> (Mini-Choreo vor der geviertelten Matte) (Querformat)<strong><br \/>\n<\/strong><\/p>\n<p><strong>Workout mit Hanteln Folge 03, 60 Minuten<\/strong> (Taeboxing) (Querformat)<\/p>\n<p><strong>Workout mit Hanteln Folge 04, 60 Minuten<\/strong> (Intervalle mit der ausgelegten Matte) (Querformat)<\/p>\n<p><img loading=\"lazy\" decoding=\"async\" class=\"alignnone size-medium wp-image-3170\" src=\"https:\/\/www.barbaralust.at\/wp-content\/uploads\/2021\/01\/142233925_3845755395445588_3159919344719896523_n-300x300.jpg\" alt=\"\" width=\"300\" height=\"300\" srcset=\"https:\/\/www.barbaralust.at\/wp-content\/uploads\/2021\/01\/142233925_3845755395445588_3159919344719896523_n-300x300.jpg 300w, https:\/\/www.barbaralust.at\/wp-content\/uploads\/2021\/01\/142233925_3845755395445588_3159919344719896523_n-150x150.jpg 150w, https:\/\/www.barbaralust.at\/wp-content\/uploads\/2021\/01\/142233925_3845755395445588_3159919344719896523_n.jpg 640w\" sizes=\"auto, (max-width: 300px) 100vw, 300px\" \/><\/p>\n","protected":false},"excerpt":{"rendered":"<p>Das klassische Workout in der 60-Minuten-Version, mit nur einem Paar Hanteln. Es passen deine \u00fcblichen, f\u00fcr alle anderen Workouts verwendeten Gewichte. Es k\u00f6nnen \u00dcbungen mit beiden Hanteln in einer Hand [&hellip;]<\/p>\n","protected":false},"author":1,"featured_media":0,"parent":0,"menu_order":0,"comment_status":"closed","ping_status":"closed","template":"","meta":{"footnotes":""},"class_list":["post-3243","page","type-page","status-publish","hentry"],"_links":{"self":[{"href":"https:\/\/www.barbaralust.at\/index.php?rest_route=\/wp\/v2\/pages\/3243","targetHints":{"allow":["GET"]}}],"collection":[{"href":"https:\/\/www.barbaralust.at\/index.php?rest_route=\/wp\/v2\/pages"}],"about":[{"href":"https:\/\/www.barbaralust.at\/index.php?rest_route=\/wp\/v2\/types\/page"}],"author":[{"embeddable":true,"href":"https:\/\/www.barbaralust.at\/index.php?rest_route=\/wp\/v2\/users\/1"}],"replies":[{"embeddable":true,"href":"https:\/\/www.barbaralust.at\/index.php?rest_route=%2Fwp%2Fv2%2Fcomments&post=3243"}],"version-history":[{"count":9,"href":"https:\/\/www.barbaralust.at\/index.php?rest_route=\/wp\/v2\/pages\/3243\/revisions"}],"predecessor-version":[{"id":6483,"href":"https:\/\/www.barbaralust.at\/index.php?rest_route=\/wp\/v2\/pages\/3243\/revisions\/6483"}],"wp:attachment":[{"href":"https:\/\/www.barbaralust.at\/index.php?rest_route=%2Fwp%2Fv2%2Fmedia&parent=3243"}],"curies":[{"name":"wp","href":"https:\/\/api.w.org\/{rel}","templated":true}]}}