{"id":336,"date":"2020-04-27T22:56:42","date_gmt":"2020-04-27T20:56:42","guid":{"rendered":"https:\/\/www.barbaralust.at\/?page_id=336"},"modified":"2024-01-31T13:22:57","modified_gmt":"2024-01-31T12:22:57","slug":"einzelstunden","status":"publish","type":"page","link":"https:\/\/www.barbaralust.at\/?page_id=336","title":{"rendered":"Einzelstunden"},"content":{"rendered":"<div class=\"entry-content\">\n<p class=\"zfr3Q\" dir=\"ltr\"><strong>Die angegebenen Preise gelten f\u00fcr <a href=\"https:\/\/www.barbaralust.at\/?page_id=2399\">Pr\u00e4senzstunden<\/a> und f\u00fcr <a href=\"https:\/\/www.barbaralust.at\/?page_id=43\">Video-Links<\/a>:<\/strong><\/p>\n<p class=\"zfr3Q\" dir=\"ltr\">90 Minuten als Einzelstunde = 17e<\/p>\n<p class=\"zfr3Q\" dir=\"ltr\">60 Minuten als Einzelstunde = 12\u20ac<\/p>\n<p class=\"zfr3Q\" dir=\"ltr\">50 Minuten als Einzelstunde = 10\u20ac<\/p>\n<p class=\"zfr3Q\" dir=\"ltr\">45 Minuten als EInzelstunde = 9\u20ac<\/p>\n<p class=\"zfr3Q\" dir=\"ltr\">30 Minuten als Einzelstunde = 6\u20ac<\/p>\n<p class=\"zfr3Q\" dir=\"ltr\">15 Minuten als Einzelstunde = 3\u20ac<\/p>\n<p><img loading=\"lazy\" decoding=\"async\" class=\"alignnone size-medium wp-image-84\" src=\"https:\/\/www.barbaralust.at\/wp-content\/uploads\/2020\/04\/90982749_10158106363034784_5007288042948395008_o-300x300.jpg\" alt=\"\" width=\"300\" height=\"300\" srcset=\"https:\/\/www.barbaralust.at\/wp-content\/uploads\/2020\/04\/90982749_10158106363034784_5007288042948395008_o-300x300.jpg 300w, https:\/\/www.barbaralust.at\/wp-content\/uploads\/2020\/04\/90982749_10158106363034784_5007288042948395008_o-150x150.jpg 150w, https:\/\/www.barbaralust.at\/wp-content\/uploads\/2020\/04\/90982749_10158106363034784_5007288042948395008_o-768x768.jpg 768w, https:\/\/www.barbaralust.at\/wp-content\/uploads\/2020\/04\/90982749_10158106363034784_5007288042948395008_o.jpg 960w\" sizes=\"auto, (max-width: 300px) 100vw, 300px\" \/><\/p>\n<\/div>\n","protected":false},"excerpt":{"rendered":"<p>Die angegebenen Preise gelten f\u00fcr Pr\u00e4senzstunden und f\u00fcr Video-Links: 90 Minuten als Einzelstunde = 17e 60 Minuten als Einzelstunde = 12\u20ac 50 Minuten als Einzelstunde = 10\u20ac 45 Minuten als [&hellip;]<\/p>\n","protected":false},"author":1,"featured_media":0,"parent":0,"menu_order":0,"comment_status":"closed","ping_status":"closed","template":"","meta":{"footnotes":""},"class_list":["post-336","page","type-page","status-publish","hentry"],"_links":{"self":[{"href":"https:\/\/www.barbaralust.at\/index.php?rest_route=\/wp\/v2\/pages\/336","targetHints":{"allow":["GET"]}}],"collection":[{"href":"https:\/\/www.barbaralust.at\/index.php?rest_route=\/wp\/v2\/pages"}],"about":[{"href":"https:\/\/www.barbaralust.at\/index.php?rest_route=\/wp\/v2\/types\/page"}],"author":[{"embeddable":true,"href":"https:\/\/www.barbaralust.at\/index.php?rest_route=\/wp\/v2\/users\/1"}],"replies":[{"embeddable":true,"href":"https:\/\/www.barbaralust.at\/index.php?rest_route=%2Fwp%2Fv2%2Fcomments&post=336"}],"version-history":[{"count":7,"href":"https:\/\/www.barbaralust.at\/index.php?rest_route=\/wp\/v2\/pages\/336\/revisions"}],"predecessor-version":[{"id":29077,"href":"https:\/\/www.barbaralust.at\/index.php?rest_route=\/wp\/v2\/pages\/336\/revisions\/29077"}],"wp:attachment":[{"href":"https:\/\/www.barbaralust.at\/index.php?rest_route=%2Fwp%2Fv2%2Fmedia&parent=336"}],"curies":[{"name":"wp","href":"https:\/\/api.w.org\/{rel}","templated":true}]}}