{"id":635,"date":"2020-06-02T11:23:49","date_gmt":"2020-06-02T09:23:49","guid":{"rendered":"https:\/\/www.barbaralust.at\/?page_id=635"},"modified":"2025-09-29T12:10:33","modified_gmt":"2025-09-29T10:10:33","slug":"zusatzgeraete-fuer-meine-videos-borgen-kaufen","status":"publish","type":"page","link":"https:\/\/www.barbaralust.at\/?page_id=635","title":{"rendered":"Zusatzger\u00e4te f\u00fcr meine Videos kaufen"},"content":{"rendered":"<p>F\u00fcr viele meiner Online-Stunden braucht man <strong>nichts ausser einer Matte oder weichen Unterlage (= ohne Ger\u00e4te)<\/strong>.<\/p>\n<p>Auch habe ich ein gro\u00dfes Angebot an Videos <strong>nur mit Hanteln<\/strong>.<\/p>\n<p>F\u00fcr die meisten Videos ist eine <strong>Grundausstattung an Equipment<\/strong> erforderlich (siehe unten).<\/p>\n<p>Hier findet ihr alle Links, um euch das ben\u00f6tigte Equipment zu kaufen:<\/p>\n<p><strong>Das klassische Equipment (Hanteln, Fussmanschetten, Theraband, Elastiband, Ringband, optional Pilatesring):<br \/>\n<\/strong><\/p>\n<p><strong><a href=\"https:\/\/www.sport-tiedje.at\/airex-trainingsmatte-fitline-180-ohne-oesen-mit-oesen-arx-1200900\" rel=\"nofollow\">Airex Fitline 180 &#8211; die Matte aus meinen Stunden<\/a><\/strong> (eine andere Matte oder ein dickes Handtuch tut es je nach Boden auch &#8211; f\u00fcr manche Videos verwende ich die Matte als Trainingsger\u00e4t, dann sind diese Airex-Matten besonders gut geeignet)<\/p>\n<p><strong><a href=\"https:\/\/www.sport-thieme.at\/Fitnessger%C3%A4te\/Hanteln\/Kurzhanteln\/art=2706708\" rel=\"nofollow\">Kurzhanteln<\/a><\/strong><\/p>\n<p><strong><a href=\"https:\/\/amzn.eu\/d\/90ERzXi\">2,5 kg Kurzhanteln<\/a> <\/strong>(nicht so leicht zu bekommen)<\/p>\n<p><strong><a href=\"https:\/\/www.sport-thieme.at\/Fitnessger%C3%A4te\/Gewichtswesten-Manschetten\/Gewichtsmanschetten\/art=2183608\" rel=\"nofollow\">Fussmanschetten<\/a><\/strong><\/p>\n<p><strong><a href=\"https:\/\/www.reviwell.at\/marken\/thera-band?\" rel=\"nofollow\">Theraband einzeln 2,5 m im Beutel<\/a><\/strong><\/p>\n<p><a href=\"https:\/\/www.sportlaedchen.de\/Dittmann-Rubber-Band-3er-Kombi\/KO1451000979\/\" rel=\"nofollow\"><strong>Ringb\u00e4nder<\/strong><\/a><\/p>\n<p><strong><a href=\"https:\/\/www.sport-thieme.at\/Fitnessger%C3%A4te\/Fitnessb%C3%A4nder\/Elastikb%C3%A4nder\/art=2703204?pe=w9_o9_googleat_shopping_produkt&amp;gad_source=1&amp;gclid=Cj0KCQiA1Km7BhC9ARIsAFZfEIsdUPP4hq4jwJq0ZaPRfnzhSn7809GX4PnA-JfQn2OGisy8GgPAs28aAr3DEALw_wcB\">Sveltus Elastikband \u201eMulti-Elastiband\u201c<\/a><\/strong> (unbedingt &#8222;multi&#8220;, sonst passt die L\u00e4nge nicht!). Achtung, wenn das Band zu schwer ist, gibt es ein weinrotes Band einer anderen Marke, das etwas leichter sein sollte: <a href=\"https:\/\/www.sportlaedchen.de\/Oliver-Tex-O-Miniband\/OL1510V74W02\/\">Oliver Tex-O Miniband leicht<\/a>. Oft sind die B\u00e4nder aber zu kurz, bei gro\u00dfen Menschen oder Personen mit sehr langen Armen. F\u00fcr diese Situation gibt es nun eine neue M\u00f6glichkeit, ein leichtes (wie weinrot\/gr\u00fcn) und deutlich l\u00e4ngeres Band mit 12 Schlaufen, dass es allerdings nur in einer St\u00e4rke (wenn auch in 3 Farben mit 12 Schlaufen) gibt: <a href=\"https:\/\/www.amazon.de\/dp\/B0D3X3L731?ref=ppx_yo2ov_dt_b_fed_asin_title&amp;th=1\">GIMIRO Fitness-Gummiband Segmentiertes Widerstandsband<\/a>.<\/p>\n<p><strong><a href=\"https:\/\/www.sportlaedchen.de\/Schildkroet-Pilatesring-37cm-OE\/SK1301001037\/\">Pilatesring<\/a><\/strong>, auch immer wieder die sehr guten <a href=\"https:\/\/www.eduscho.at\/service\/search?query=pilatesring\">Pilatesringe von Eduscho<\/a>. <em>Den Pilatesring verwende ich oft zus\u00e4tzlich zum klassischen Equipment, man kann ihn aber leicht ersetzen, siehe <a href=\"https:\/\/www.barbaralust.at\/?page_id=1160\">Erkl\u00e4rungsvideos<\/a>.<\/em><\/p>\n<p><strong>Weiteres Zusatzequipment (f\u00fcr die meisten Videos nicht erforderllich):<\/strong><\/p>\n<p><a href=\"https:\/\/www.reviwell.at\/thera-band-pilatesballe\">Pilatesball<\/a> &#8211; 18 bis 22 cm Durchmesser sind passend.<\/p>\n<p><a href=\"https:\/\/www.intersport.at\/search?q=gymnastikseil&amp;lang=de_AT\">Seil von Energetic<\/a><\/p>\n<p>Als <em>Slides<\/em> verwende ich f\u00fcr Parkett und Co. <em>zwei Waschlappen<\/em>, auf Teppich funktionieren <em>zwei Pappteller<\/em>. Eventuell besser f\u00fcr Teppich ist dieses Produkt (auch f\u00fcr Parkett): <a href=\"https:\/\/www.sport-thieme.at\/Fitnessger%C3%A4te\/Functional_Training\/Schnellkrafttraining\/art=2734705?pe=w9_o9_googleat_gshopping&amp;gclid=CjwKCAiAlrSPBhBaEiwAuLSDUKIgj1kQsai6abS4oeZhlxRjdS3xYyVCOE_degJ4NFNGOY77iBynPxoCRgMQAvD_BwE\">Sport-Thieme Slide Pads \u201eFlow\u201c<\/a>.<\/p>\n<p><a href=\"https:\/\/www.reviwell.at\/reebok-step-gruen-weiss?_gl=1*rcaf28*_up*MQ..&amp;gclid=CjwKCAiA4o79BRBvEiwAjteoYOsqxjyoOm6Stitp7xpW7jh3RcwBR73CPbRggZZrdgDcNC0lNsqSUBoC0GcQAvD_BwE\">Reebok Step<\/a> (wenn man Step-Trainings und Workouts mit Step machen will)<\/p>\n<p><strong>Spezial-Equipment:<\/strong><\/p>\n<p>Hier die Kaufempfehlung f\u00fcr einen Reifen mit 70 cm Durchmesser: <a href=\"https:\/\/www.sport-thieme.at\/Gymnastik\/Gymnastikreifen\/art=1293601\">Sport-Thieme Gymnastikreifen \u201eKunststoff\u201c<\/a>.<\/p>\n<p>Als <em>Hip Band = Booty Band = Glute Band = H\u00fcftband<\/em> verwende ich das <a href=\"https:\/\/lebertfitness.com\/products\/lebert-hip-resistance-band\">Hip Resistance Band von Lebert<\/a>, das es aber nur in einer St\u00e4rke gibt. Das <a href=\"https:\/\/www.gorillasports.de\/hip-band-3-staerken\">Hip Band von Gorilla Sports<\/a> hat die selben Abmssungen und ist in 3 St\u00e4rken erh\u00e4ltlich. Aktuell (April 2022) gibt es auch ein <a href=\"https:\/\/www2.hm.com\/de_at\/productpage.1002284001.html\">Hip Band im H&amp;M Online-Store<\/a>.<\/p>\n<p><a href=\"https:\/\/www.sportlaedchen.de\/Dittmann-Step-Tube\/DM1081061593\/\">Step-Tubes Dittmann<\/a><\/p>\n<p><a href=\"https:\/\/www.sport-thieme.at\/B%C3%A4lle\/Medizinb%C3%A4lle\/art=2954703?&amp;imageId=295-4787\">Medizinball<\/a>\u00a0&#8211; dein Medizinball solle ungef\u00e4hr oder fast doppelt so schwer sein, wie eine deiner Hanteln<\/p>\n<p><a href=\"https:\/\/www.intersport.at\/energetics-10-kg-kurzhantelset-fitnessausrustung-schwarz-iic.energetics.410652.050.html?dwvar_iic.energetics.410652.050_color=050&amp;cgid=\">Schraubhantelsystem oder Clip-System f\u00fcr Heavy Weight Training von Intersport<\/a>\u00a0plus <a href=\"https:\/\/www.intersport.at\/energetics-guss-hantelscheiben-fitnessausrustung-cremefarben-iic.energetics.108792.050.html\" rel=\"nofollow\">Zusatzscheiben<\/a>\u00a0&#8211; bzw. die\u00a0<a href=\"https:\/\/www.intersport.at\/energetics-premium-10-kg-kurzhantel-set-im-koffer-fitnessausrustung-weiss-iic.energetics.198881.902.html?dwvar_iic.energetics.198881.902_color=902&amp;cgid=\" rel=\"nofollow\">Premiumversion<\/a>, auch <a href=\"https:\/\/www.sport-thieme.at\/Fitnessger%C3%A4te\/Hanteln\/Kurzhanteln\/art=1465509\">hier<\/a>\u00a0erh\u00e4ltlich.<\/p>\n<p><a href=\"https:\/\/www.intersport.at\/energetics-langhantelstange-fitnessausrustung-weiss-iic.energetics.410640.875.html?dwvar_iic.energetics.410640.875_color=875&amp;cgid=\">Langhanteln f\u00fcr Schraubhantelnsystem oder Clips von Intersport<\/a>\u00a0f\u00fcr &#8222;Heavy Weight Training&#8220;, oder auch als schwerere Bodybar.<\/p>\n<p>Hier habe ich mir einen <a href=\"https:\/\/www.schaefer-shop.at\/p\/original-pezzi-gymnastikball-sitzstuhl-durchmesser-42-bis-75-cm?selectedItem=135133&amp;b2borb2c=1&amp;gshop=1&amp;cc=A001195&amp;gkw&amp;track=v44*&amp;mch2=gsad&amp;fbclid=IwAR2dZbY79gvdPwOWZuKj0u6v3xkn-sFAXq2hpczBqGvnULZGuCG1OEgLyHc\">Pezziball<\/a> bestellt. Achtung, f\u00fcr \u00dcbungen kann der Ball etwas kleiner sein, als wenn man ihn nur als Sitzgelegenheit verwendet. Eine\u00a0<a href=\"https:\/\/www.schaefer-shop.at\/p\/togu-powerball-pumpe-laenge-30-cm-extra-grosser-leistung\">Pumpe<\/a> braucht man auch.<\/p>\n<p><a href=\"https:\/\/www.sport-thieme.at\/Fitnessger%C3%A4te\/Functional-Training\/Gewichtstraining\/art=1401110?pe=w9_o9_googleat_gshopping&amp;pe=w9_o9_googleat_shopping_vz&amp;gad_source=1&amp;gclid=Cj0KCQiAz8GuBhCxARIsAOpzk8wv-QrFq6tt8doqaDEiE9XZnlA1BlAzuafDQUnwQfeDm-4iV8LmfDcaAtrgEALw_wcB\">Bodybars<\/a> sollten nicht zu kurz sein (diese hier sind 122 cm lang, das ist gut).<\/p>\n<p><img loading=\"lazy\" decoding=\"async\" class=\"alignnone size-medium wp-image-3324\" src=\"https:\/\/www.barbaralust.at\/wp-content\/uploads\/2021\/02\/146345041_3886908097996984_7024893004246050908_n-300x300.jpg\" alt=\"\" width=\"300\" height=\"300\" srcset=\"https:\/\/www.barbaralust.at\/wp-content\/uploads\/2021\/02\/146345041_3886908097996984_7024893004246050908_n-300x300.jpg 300w, https:\/\/www.barbaralust.at\/wp-content\/uploads\/2021\/02\/146345041_3886908097996984_7024893004246050908_n-150x150.jpg 150w, https:\/\/www.barbaralust.at\/wp-content\/uploads\/2021\/02\/146345041_3886908097996984_7024893004246050908_n.jpg 320w\" sizes=\"auto, (max-width: 300px) 100vw, 300px\" \/><\/p>\n","protected":false},"excerpt":{"rendered":"<p>F\u00fcr viele meiner Online-Stunden braucht man nichts ausser einer Matte oder weichen Unterlage (= ohne Ger\u00e4te). Auch habe ich ein gro\u00dfes Angebot an Videos nur mit Hanteln. F\u00fcr die meisten [&hellip;]<\/p>\n","protected":false},"author":1,"featured_media":0,"parent":0,"menu_order":0,"comment_status":"closed","ping_status":"closed","template":"","meta":{"footnotes":""},"class_list":["post-635","page","type-page","status-publish","hentry"],"_links":{"self":[{"href":"https:\/\/www.barbaralust.at\/index.php?rest_route=\/wp\/v2\/pages\/635","targetHints":{"allow":["GET"]}}],"collection":[{"href":"https:\/\/www.barbaralust.at\/index.php?rest_route=\/wp\/v2\/pages"}],"about":[{"href":"https:\/\/www.barbaralust.at\/index.php?rest_route=\/wp\/v2\/types\/page"}],"author":[{"embeddable":true,"href":"https:\/\/www.barbaralust.at\/index.php?rest_route=\/wp\/v2\/users\/1"}],"replies":[{"embeddable":true,"href":"https:\/\/www.barbaralust.at\/index.php?rest_route=%2Fwp%2Fv2%2Fcomments&post=635"}],"version-history":[{"count":67,"href":"https:\/\/www.barbaralust.at\/index.php?rest_route=\/wp\/v2\/pages\/635\/revisions"}],"predecessor-version":[{"id":31373,"href":"https:\/\/www.barbaralust.at\/index.php?rest_route=\/wp\/v2\/pages\/635\/revisions\/31373"}],"wp:attachment":[{"href":"https:\/\/www.barbaralust.at\/index.php?rest_route=%2Fwp%2Fv2%2Fmedia&parent=635"}],"curies":[{"name":"wp","href":"https:\/\/api.w.org\/{rel}","templated":true}]}}