{"id":6718,"date":"2022-06-16T15:16:51","date_gmt":"2022-06-16T13:16:51","guid":{"rendered":"https:\/\/www.barbaralust.at\/?page_id=6718"},"modified":"2026-01-27T11:10:16","modified_gmt":"2026-01-27T10:10:16","slug":"kurse-am-usi-wien","status":"publish","type":"page","link":"https:\/\/www.barbaralust.at\/?page_id=6718","title":{"rendered":"Kurse am USI Wien"},"content":{"rendered":"<p><em>Die Kursanmeldung ist ausschliesslich \u00fcber das\u00a0<a href=\"https:\/\/musi.usi.at\/\">USI Wien<\/a> m\u00f6glich.<\/em><\/p>\n<p><strong>Im Sommersemester 2026 unterrichte ich folgende Einheiten am <a href=\"https:\/\/musi.usi.at\/\">USI Wien<\/a>:<\/strong><\/p>\n<p><strong><a href=\"https:\/\/www.barbaralust.at\/?page_id=30139\">USI-Kurs 8064 Montag 19:30-21:00 Aerobic @ Sportcenter Praterstern<\/a><br \/>\n<\/strong><\/p>\n<p><strong><a href=\"https:\/\/www.barbaralust.at\/?page_id=30576\">USI-Kurs 2108 Dienstag 14:20-15:27 Aerobic &amp; Stretch @ USZ2<\/a><\/strong><\/p>\n<p><strong><a href=\"https:\/\/www.barbaralust.at\/?page_id=27969\">USI-Kurs 2477 Dienstag 20:00-21:30 Aerobic @ Steinbruchstra\u00dfe<\/a><\/strong><\/p>\n<p><strong><a href=\"https:\/\/www.barbaralust.at\/?page_id=30142\">USI-Kurs 8066 Mittwoch 14:20-15:27 R\u00fcckenfit @ USZ2<\/a><br \/>\n<\/strong><\/p>\n<p><strong><a href=\"https:\/\/www.barbaralust.at\/?page_id=7112\">USI-Kurs 2367 Donnerstag 17:00 \u2013 18:30 Bodywork @ Kreuzgasse<\/a><\/strong><\/p>\n<p><strong><a href=\"https:\/\/www.barbaralust.at\/?page_id=29058\">USI-Kurs 2475 Freitag 16:00-17:30 Step-Aerobic @ USZ2<\/a><\/strong><\/p>\n<p><strong><a href=\"https:\/\/www.barbaralust.at\/?page_id=27972\">USI-Kurs 2479 Freitag 18:30-20:00 Fatburning @ Steinbruchstra\u00dfe<\/a><\/strong><\/p>\n<p><strong><a href=\"https:\/\/www.barbaralust.at\/?page_id=31596\">USI-Kurs 8328 Samstag 09:00-10:30 Bodywork @ Spitalgasse<\/a><\/strong><\/p>\n<p><strong><a href=\"https:\/\/www.barbaralust.at\/?page_id=30664\">USI-Kurs 8140 Samstag 10:30-12:00 Aerobic @ Spitalgasse<\/a><\/strong><\/p>\n<p>Achtung, es gelten ausnahmslos die <strong>Teilnahmebedingungen des <a href=\"https:\/\/musi.usi.at\/\">USI Wien<\/a><\/strong>. Ich habe TeilnehmerInnen-Listen und kontrolliere alle Anwesenden.<\/p>\n<p>Hier die Teilnahmebedingungen:<\/p>\n<p class=\"bodytext\"><strong>Zur Teilnahme an USI-Kursen ist folgender Personenkreis berechtigt:<\/strong><\/p>\n<ul class=\"gray-bg\">\n<li>Studierende der Universit\u00e4ten, Kunsthochschulen, P\u00e4dagogischen Hochschulen, Fachhochschulen, Kollegs und Privatuniversit\u00e4ten sowie Personen mit Hochschulzugang<\/li>\n<li>Mitarbeiter*innen und pensionierte Mitarbeiter*innen der Universit\u00e4ten und Kunsthochschulen, sowie der Ministerien<\/li>\n<li>AkademikerInnen, d.h. Personen mit ordnungsgem\u00e4\u00df abgeschlossener Hochschulbildung<\/li>\n<\/ul>\n<p><em>Hier k\u00f6nnt ihr euch die <a href=\"https:\/\/www.barbaralust.at\/wp-content\/uploads\/2022\/06\/AGB.pdf\"><strong>AGBs<\/strong><\/a> durchlesen.<\/em><\/p>\n<div>\n<p><strong>Das sind die Anmeldetermine f\u00fcr das Sommersemester 2026 am USI Wien:<\/strong><\/p>\n<p><strong>Ab 02.02.2026:<\/strong> <a href=\"https:\/\/musi.usi.at\">Programm<\/a> online.<\/p>\n<p><strong>Ab 09.02.2026 (12:00):<\/strong> Vorbuchungsphase f\u00fcr Kurse, die man im Wintersemester schon gebucht hat.<\/p>\n<p><strong>Ab 18.02.2026 (12:00):<\/strong>\u00a0Online-Anmeldung f\u00fcr aktiv Studierende und Universit\u00e4tsmitarbeiter*innen.<\/p>\n<p><strong>Ab 19.02.2026 (12:00):<\/strong> Allgemeiner Anmeldestart f\u00fcr alle.<\/p>\n<p>Die Sportkurse beginnen am 02.03.2026.<\/p>\n<\/div>\n<p><img loading=\"lazy\" decoding=\"async\" class=\"alignnone wp-image-31661 size-full\" src=\"https:\/\/www.barbaralust.at\/wp-content\/uploads\/2026\/01\/USI-Spitalgasse.jpeg\" alt=\"\" width=\"750\" height=\"750\" srcset=\"https:\/\/www.barbaralust.at\/wp-content\/uploads\/2026\/01\/USI-Spitalgasse.jpeg 750w, https:\/\/www.barbaralust.at\/wp-content\/uploads\/2026\/01\/USI-Spitalgasse-300x300.jpeg 300w, https:\/\/www.barbaralust.at\/wp-content\/uploads\/2026\/01\/USI-Spitalgasse-150x150.jpeg 150w\" sizes=\"auto, (max-width: 750px) 100vw, 750px\" \/><\/p>\n<p><img loading=\"lazy\" decoding=\"async\" class=\"alignnone wp-image-27159 size-full\" src=\"https:\/\/www.barbaralust.at\/wp-content\/uploads\/2023\/01\/322397149_2347094592107281_533397927926267239_n.jpg\" alt=\"\" width=\"640\" height=\"640\" srcset=\"https:\/\/www.barbaralust.at\/wp-content\/uploads\/2023\/01\/322397149_2347094592107281_533397927926267239_n.jpg 640w, https:\/\/www.barbaralust.at\/wp-content\/uploads\/2023\/01\/322397149_2347094592107281_533397927926267239_n-300x300.jpg 300w, https:\/\/www.barbaralust.at\/wp-content\/uploads\/2023\/01\/322397149_2347094592107281_533397927926267239_n-150x150.jpg 150w\" sizes=\"auto, (max-width: 640px) 100vw, 640px\" \/><img loading=\"lazy\" decoding=\"async\" class=\"alignnone wp-image-28583 size-full\" src=\"https:\/\/www.barbaralust.at\/wp-content\/uploads\/2023\/10\/IMG_3582.jpg\" alt=\"\" width=\"640\" height=\"640\" srcset=\"https:\/\/www.barbaralust.at\/wp-content\/uploads\/2023\/10\/IMG_3582.jpg 640w, https:\/\/www.barbaralust.at\/wp-content\/uploads\/2023\/10\/IMG_3582-300x300.jpg 300w, https:\/\/www.barbaralust.at\/wp-content\/uploads\/2023\/10\/IMG_3582-150x150.jpg 150w\" sizes=\"auto, (max-width: 640px) 100vw, 640px\" \/><\/p>\n<p><img loading=\"lazy\" decoding=\"async\" class=\"alignnone wp-image-28604 size-full\" src=\"https:\/\/www.barbaralust.at\/wp-content\/uploads\/2023\/10\/391613256_18092725351371473_4201971426109116252_n.jpg\" alt=\"\" width=\"640\" height=\"640\" srcset=\"https:\/\/www.barbaralust.at\/wp-content\/uploads\/2023\/10\/391613256_18092725351371473_4201971426109116252_n.jpg 640w, https:\/\/www.barbaralust.at\/wp-content\/uploads\/2023\/10\/391613256_18092725351371473_4201971426109116252_n-300x300.jpg 300w, https:\/\/www.barbaralust.at\/wp-content\/uploads\/2023\/10\/391613256_18092725351371473_4201971426109116252_n-150x150.jpg 150w\" sizes=\"auto, (max-width: 640px) 100vw, 640px\" \/><\/p>\n","protected":false},"excerpt":{"rendered":"<p>Die Kursanmeldung ist ausschliesslich \u00fcber das\u00a0USI Wien m\u00f6glich. Im Sommersemester 2026 unterrichte ich folgende Einheiten am USI Wien: USI-Kurs 8064 Montag 19:30-21:00 Aerobic @ Sportcenter Praterstern USI-Kurs 2108 Dienstag 14:20-15:27 [&hellip;]<\/p>\n","protected":false},"author":1,"featured_media":0,"parent":0,"menu_order":0,"comment_status":"closed","ping_status":"closed","template":"","meta":{"footnotes":""},"class_list":["post-6718","page","type-page","status-publish","hentry"],"_links":{"self":[{"href":"https:\/\/www.barbaralust.at\/index.php?rest_route=\/wp\/v2\/pages\/6718","targetHints":{"allow":["GET"]}}],"collection":[{"href":"https:\/\/www.barbaralust.at\/index.php?rest_route=\/wp\/v2\/pages"}],"about":[{"href":"https:\/\/www.barbaralust.at\/index.php?rest_route=\/wp\/v2\/types\/page"}],"author":[{"embeddable":true,"href":"https:\/\/www.barbaralust.at\/index.php?rest_route=\/wp\/v2\/users\/1"}],"replies":[{"embeddable":true,"href":"https:\/\/www.barbaralust.at\/index.php?rest_route=%2Fwp%2Fv2%2Fcomments&post=6718"}],"version-history":[{"count":79,"href":"https:\/\/www.barbaralust.at\/index.php?rest_route=\/wp\/v2\/pages\/6718\/revisions"}],"predecessor-version":[{"id":31663,"href":"https:\/\/www.barbaralust.at\/index.php?rest_route=\/wp\/v2\/pages\/6718\/revisions\/31663"}],"wp:attachment":[{"href":"https:\/\/www.barbaralust.at\/index.php?rest_route=%2Fwp%2Fv2%2Fmedia&parent=6718"}],"curies":[{"name":"wp","href":"https:\/\/api.w.org\/{rel}","templated":true}]}}