{"id":7092,"date":"2022-09-22T09:44:09","date_gmt":"2022-09-22T07:44:09","guid":{"rendered":"https:\/\/www.barbaralust.at\/?page_id=7092"},"modified":"2022-09-23T21:40:56","modified_gmt":"2022-09-23T19:40:56","slug":"cardio-intervals","status":"publish","type":"page","link":"https:\/\/www.barbaralust.at\/?page_id=7092","title":{"rendered":"Cardio Intervals"},"content":{"rendered":"<p>Reine Cardio-Trainings (Herzkreislauftrainings) ohne \u00dcbungen.<\/p>\n<p>Aufgebaut wie sogenannte <a href=\"https:\/\/en.wikipedia.org\/wiki\/High-intensity_interval_training\">H.I.T.T.-Trainings<\/a> unterrichte ich in dieser Serie Cardio-Bewegungen im Intervall-Stil, konkret in einem Wechsel zwischen kurzen Belastungen und (aktiven) Pausen.<\/p>\n<p>Weil ich kein Fan von Trainings bis zur (wirklich) totalen Ersch\u00f6pfung bin, passe ich dieses Konzept an meine \u00fcblichen Stundenbilder an. Ich verwende vor allem Bewegungen und Schritte, die ich auch in anderen Formaten unterrichte (und sehe von den in solchen Formaten oft gezeigten, aber nicht immer f\u00fcr alle geeigneten Burpees und Co. gro\u00dfteils ab). Auch werde ich die Intensit\u00e4t graduell von Folge zu Folge \u00e4ndern. So entsteht ein fliessender \u00dcbergang von meinen anderen Cardio-Trainings zu dieser Serie.<\/p>\n<p>Ich werde Folgen mit und ohne Step filmen.<\/p>\n<p>Es wird unterschiedliche Zeit-Intervalle jeweils Belastung\/Pause geben:<\/p>\n<p>30\/30 Sekunden (Folge 01)<\/p>\n<p>45\/30 Sekunden<\/p>\n<p>30\/15 Sekunden<\/p>\n<p>45\/15 Sekunden<\/p>\n<p>Die Zeitangaben sind im Groben nach den Musikb\u00f6gen der von mir verwendeten Musik berechnet. Ich schaue nicht auf die Uhr, ich z\u00e4hle Beats (wie auch sonst in meinen Einheiten).<\/p>\n<p>Als Format-Dauer sind jeweils 30 Minuten anberaumt, es kann aber durchaus auch 40- oder 45-min\u00fctige Folgen geben. Viel k\u00fcrzer als 30 Minuten macht kaum Sinn, da ich jeweils ein Warm Up, ein sehr kurzes Cool Down und einen Mini-Stretch unterrichte. Damit ist der reine Intervall-Teil um ungef\u00e4hr 10 Minuten k\u00fcrzer als die jeweilige Video-Dauer.<\/p>\n<p>Derzeit erh\u00e4ltliche Folgen:<\/p>\n<p><strong>Cardio Intervals Folge 01, 30 Minuten (30\/30) <\/strong>(Querformat) &#8211; mit Step, moderat, steigert sich zum Ende hin<\/p>\n<p><img loading=\"lazy\" decoding=\"async\" class=\"alignnone size-medium wp-image-7076\" src=\"https:\/\/www.barbaralust.at\/wp-content\/uploads\/2022\/09\/307017604_493623056106965_4526071110647001407_n-300x300.jpg\" alt=\"\" width=\"300\" height=\"300\" srcset=\"https:\/\/www.barbaralust.at\/wp-content\/uploads\/2022\/09\/307017604_493623056106965_4526071110647001407_n-300x300.jpg 300w, https:\/\/www.barbaralust.at\/wp-content\/uploads\/2022\/09\/307017604_493623056106965_4526071110647001407_n-150x150.jpg 150w, https:\/\/www.barbaralust.at\/wp-content\/uploads\/2022\/09\/307017604_493623056106965_4526071110647001407_n.jpg 640w\" sizes=\"auto, (max-width: 300px) 100vw, 300px\" \/><\/p>\n<p>&nbsp;<\/p>\n","protected":false},"excerpt":{"rendered":"<p>Reine Cardio-Trainings (Herzkreislauftrainings) ohne \u00dcbungen. Aufgebaut wie sogenannte H.I.T.T.-Trainings unterrichte ich in dieser Serie Cardio-Bewegungen im Intervall-Stil, konkret in einem Wechsel zwischen kurzen Belastungen und (aktiven) Pausen. Weil ich kein [&hellip;]<\/p>\n","protected":false},"author":1,"featured_media":0,"parent":0,"menu_order":0,"comment_status":"closed","ping_status":"closed","template":"","meta":{"footnotes":""},"class_list":["post-7092","page","type-page","status-publish","hentry"],"_links":{"self":[{"href":"https:\/\/www.barbaralust.at\/index.php?rest_route=\/wp\/v2\/pages\/7092","targetHints":{"allow":["GET"]}}],"collection":[{"href":"https:\/\/www.barbaralust.at\/index.php?rest_route=\/wp\/v2\/pages"}],"about":[{"href":"https:\/\/www.barbaralust.at\/index.php?rest_route=\/wp\/v2\/types\/page"}],"author":[{"embeddable":true,"href":"https:\/\/www.barbaralust.at\/index.php?rest_route=\/wp\/v2\/users\/1"}],"replies":[{"embeddable":true,"href":"https:\/\/www.barbaralust.at\/index.php?rest_route=%2Fwp%2Fv2%2Fcomments&post=7092"}],"version-history":[{"count":2,"href":"https:\/\/www.barbaralust.at\/index.php?rest_route=\/wp\/v2\/pages\/7092\/revisions"}],"predecessor-version":[{"id":7140,"href":"https:\/\/www.barbaralust.at\/index.php?rest_route=\/wp\/v2\/pages\/7092\/revisions\/7140"}],"wp:attachment":[{"href":"https:\/\/www.barbaralust.at\/index.php?rest_route=%2Fwp%2Fv2%2Fmedia&parent=7092"}],"curies":[{"name":"wp","href":"https:\/\/api.w.org\/{rel}","templated":true}]}}